{"id":713,"date":"2021-12-15T17:07:22","date_gmt":"2021-12-15T17:07:22","guid":{"rendered":"https:\/\/kinsley-demo.bslthemes.com\/?page_id=713"},"modified":"2025-04-16T19:00:52","modified_gmt":"2025-04-16T18:00:52","slug":"espaco_exterior","status":"publish","type":"page","link":"https:\/\/www.casinhasdalaurissilva.pt\/fr\/espaco_exterior\/","title":{"rendered":"ESPA\u00c7O EXTERIOR"},"content":{"rendered":"<div data-elementor-type=\"wp-page\" data-elementor-id=\"713\" class=\"elementor elementor-713\">\n\t\t\t\t<div class=\"elementor-element elementor-element-0e510a5 e-con-full e-flex e-con e-parent\" data-id=\"0e510a5\" data-element_type=\"container\">\n\t\t<div class=\"elementor-element elementor-element-aa7c2b4 e-con-full e-flex e-con e-child\" data-id=\"aa7c2b4\" data-element_type=\"container\">\n\t\t<div class=\"elementor-element elementor-element-3ecec21 e-con-full e-flex e-con e-child\" data-id=\"3ecec21\" data-element_type=\"container\">\n\t\t\t\t<div class=\"elementor-element elementor-element-8090702 elementor-widget elementor-widget-kinsley-intro\" data-id=\"8090702\" data-element_type=\"widget\" data-widget_type=\"kinsley-intro.default\">\n\t\t\t\t<div class=\"elementor-widget-container\">\n\t\t\t\t\t\n\t\t<!-- banner -->\n\t\t<section class=\"knsl-banner-simple knsl-transition-bottom\">\n\t\t\t\t\t\t\t\n\t\t\n\t\t\t\n\t\t\t\t\t\t<div class=\"container\"><div class=\"row\"><div class=\"col-lg-12\">\n\t\t\t\t\t\t<div class=\"knsl-center knsl-title-frame\">\n\t\t\t\t\t\t\t\t<h1 class=\"knsl-title--h knsl-mb-20 knsl-h1-inner\">\n\t\t\t\t\t<span >\n\t\t\t\t\t\tNos Espaces Ext\u00e9rieurs\t\t\t\t\t<\/span>\n\t\t\t\t<\/h1>\n\t\t\t\t\t\t\t\t\t\t\t\t\t\t\t<\/div>\n\t\t\t\t\t\t<\/div><\/div><\/div>\n\t\t\t\n\t\t<\/section>\n\t\t<!-- banner end -->\n\n\t\t\t\t\t\t<\/div>\n\t\t\t\t<\/div>\n\t\t\t\t<\/div>\n\t\t\t\t<\/div>\n\t\t\t\t<\/div>\n\t\t<div class=\"elementor-element elementor-element-bf1d24f e-flex e-con-boxed e-con e-parent\" data-id=\"bf1d24f\" data-element_type=\"container\">\n\t\t\t\t\t<div class=\"e-con-inner\">\n\t\t\t\t<div class=\"elementor-element elementor-element-81bef7f elementor-widget elementor-widget-image\" data-id=\"81bef7f\" data-element_type=\"widget\" data-widget_type=\"image.default\">\n\t\t\t\t<div class=\"elementor-widget-container\">\n\t\t\t\t\t\t\t\t\t\t\t\t\t\t\t<img fetchpriority=\"high\" decoding=\"async\" width=\"1536\" height=\"717\" src=\"https:\/\/www.casinhasdalaurissilva.pt\/wp-content\/uploads\/2025\/01\/Floresta-1536x717.jpg\" class=\"attachment-1536x1536 size-1536x1536 wp-image-10195\" alt=\"\" srcset=\"https:\/\/www.casinhasdalaurissilva.pt\/wp-content\/uploads\/2025\/01\/Floresta-1536x717.jpg 1536w, https:\/\/www.casinhasdalaurissilva.pt\/wp-content\/uploads\/2025\/01\/Floresta-300x140.jpg 300w, https:\/\/www.casinhasdalaurissilva.pt\/wp-content\/uploads\/2025\/01\/Floresta-1024x478.jpg 1024w, https:\/\/www.casinhasdalaurissilva.pt\/wp-content\/uploads\/2025\/01\/Floresta-768x359.jpg 768w, https:\/\/www.casinhasdalaurissilva.pt\/wp-content\/uploads\/2025\/01\/Floresta-2048x956.jpg 2048w, https:\/\/www.casinhasdalaurissilva.pt\/wp-content\/uploads\/2025\/01\/Floresta-950x444.jpg 950w, https:\/\/www.casinhasdalaurissilva.pt\/wp-content\/uploads\/2025\/01\/Floresta-1920x897.jpg 1920w, https:\/\/www.casinhasdalaurissilva.pt\/wp-content\/uploads\/2025\/01\/Floresta-800x374.jpg 800w\" sizes=\"(max-width: 1536px) 100vw, 1536px\" \/>\t\t\t\t\t\t\t\t\t\t\t\t\t\t\t<\/div>\n\t\t\t\t<\/div>\n\t\t\t\t\t<\/div>\n\t\t\t\t<\/div>\n\t\t<div class=\"elementor-element elementor-element-7e328e3 e-flex e-con-boxed e-con e-parent\" data-id=\"7e328e3\" data-element_type=\"container\">\n\t\t\t\t\t<div class=\"e-con-inner\">\n\t\t<div class=\"elementor-element elementor-element-5596795 e-con-full e-flex e-con e-child\" data-id=\"5596795\" data-element_type=\"container\">\n\t\t<div class=\"elementor-element elementor-element-da953c1 e-con-full e-flex e-con e-child\" data-id=\"da953c1\" data-element_type=\"container\">\n\t\t\t\t<div class=\"elementor-element elementor-element-1ad8fd2 elementor-widget elementor-widget-kinsley-section-heading-two\" data-id=\"1ad8fd2\" data-element_type=\"widget\" data-widget_type=\"kinsley-section-heading-two.default\">\n\t\t\t\t<div class=\"elementor-widget-container\">\n\t\t\t\t\t\n\t\t\t\t<div class=\"knsl-subtitle-two knsl-mb-20\">\n\t\t\t<span >\n\t\t\t\tUNE HISTOIRE D'AMOUR POUR L'\u00ceLE\t\t\t<\/span>\n\t\t<\/div>\n\t\t\t\t\t\t<h2 class=\"knsl-title-two knsl-mb-30\">\n\t\t\t<span >\n\t\t\t\tUn paradis naturel pour <strong>D\u00e9couvrir<\/strong><\/em>\t\t\t<\/span>\n\t\t<\/h2>\n\t\t\t\t\n\t\t\t\t\t\t<\/div>\n\t\t\t\t<\/div>\n\t\t\t\t<div class=\"elementor-element elementor-element-f6e1e66 elementor-widget elementor-widget-text-editor\" data-id=\"f6e1e66\" data-element_type=\"widget\" data-widget_type=\"text-editor.default\">\n\t\t\t\t<div class=\"elementor-widget-container\">\n\t\t\t\t\t\t\t\t\t<p>L'\u00eele de Mad\u00e8re est un paradis pour les amoureux de la nature et les amateurs d'activit\u00e9s de plein air, offrant une multitude d'options pour ceux qui souhaitent se connecter \u00e0 sa beaut\u00e9 unique et explorer le c\u0153ur de l'\u00eele. Parmi les exp\u00e9riences les plus marquantes figurent les randonn\u00e9es sur les sentiers, la d\u00e9couverte des c\u00e9l\u00e8bres levadas et m\u00eame la pratique d'activit\u00e9s extr\u00eames (escalade, canyoning, coasteering...) qui enchantent les visiteurs de tous \u00e2ges et niveaux d'exp\u00e9rience.<\/p><p>\u00a0<\/p><h3><strong>Randonn\u00e9es sur les Sentiers et Levadas<\/strong><\/h3><p>\u00a0<\/p><p style=\"font-weight: 400;\">Mad\u00e8re est connue pour ses sentiers spectaculaires qui traversent des for\u00eats naturelles uniques, des falaises dramatiques et des montagnes imposantes. L'une des principales attractions est les levadas, des canaux d'irrigation qui serpentent \u00e0 travers le paysage, souvent accompagn\u00e9s de chemins p\u00e9destres offrant des vues \u00e0 couper le souffle et uniques.<\/p><p style=\"font-weight: 400;\">Ces randonn\u00e9es offrent une connexion directe avec la nature et une occasion unique de d\u00e9couvrir la biodiversit\u00e9 de cette \u00eele sans pareille.<\/p>\t\t\t\t\t\t\t\t<\/div>\n\t\t\t\t<\/div>\n\t\t\t\t<\/div>\n\t\t<div class=\"elementor-element elementor-element-90cfb0f e-con-full e-flex e-con e-child\" data-id=\"90cfb0f\" data-element_type=\"container\">\n\t\t\t\t<\/div>\n\t\t<div class=\"elementor-element elementor-element-3ce760b e-con-full e-flex e-con e-child\" data-id=\"3ce760b\" data-element_type=\"container\">\n\t\t\t\t<div class=\"elementor-element elementor-element-2a4e670 elementor-widget elementor-widget-image\" data-id=\"2a4e670\" data-element_type=\"widget\" data-widget_type=\"image.default\">\n\t\t\t\t<div class=\"elementor-widget-container\">\n\t\t\t\t\t\t\t\t\t\t\t\t\t\t\t<img decoding=\"async\" src=\"https:\/\/www.casinhasdalaurissilva.pt\/wp-content\/uploads\/elementor\/thumbs\/Vista-IV-scaled-r19oqjrl4aizmn4o61ken02lxtapl8b4oj5n9pe234.jpg\" title=\"Vista 4\" alt=\"Vista 4\" loading=\"lazy\" \/>\t\t\t\t\t\t\t\t\t\t\t\t\t\t\t<\/div>\n\t\t\t\t<\/div>\n\t\t\t\t<\/div>\n\t\t<div class=\"elementor-element elementor-element-d873dd9 e-con-full e-flex e-con e-child\" data-id=\"d873dd9\" data-element_type=\"container\">\n\t\t\t\t<div class=\"elementor-element elementor-element-d716e64 elementor-widget elementor-widget-image\" data-id=\"d716e64\" data-element_type=\"widget\" data-widget_type=\"image.default\">\n\t\t\t\t<div class=\"elementor-widget-container\">\n\t\t\t\t\t\t\t\t\t\t\t\t\t\t\t<img decoding=\"async\" src=\"https:\/\/www.casinhasdalaurissilva.pt\/wp-content\/uploads\/elementor\/thumbs\/Vista-10-scaled-r19opz34xxqoj7ypismm45agvc4mvw119osypm8pw0.jpg\" title=\"Vista 10\" alt=\"Vista 10\" loading=\"lazy\" \/>\t\t\t\t\t\t\t\t\t\t\t\t\t\t\t<\/div>\n\t\t\t\t<\/div>\n\t\t\t\t<\/div>\n\t\t\t\t<\/div>\n\t\t\t\t\t<\/div>\n\t\t\t\t<\/div>\n\t\t<div class=\"elementor-element elementor-element-01150af e-flex e-con-boxed e-con e-parent\" data-id=\"01150af\" data-element_type=\"container\">\n\t\t\t\t\t<div class=\"e-con-inner\">\n\t\t\t\t<div class=\"elementor-element elementor-element-bcb6c07 elementor-widget elementor-widget-text-editor\" data-id=\"bcb6c07\" data-element_type=\"widget\" data-widget_type=\"text-editor.default\">\n\t\t\t\t<div class=\"elementor-widget-container\">\n\t\t\t\t\t\t\t\t\t<div class=\"flex-1 overflow-hidden @container\/thread\"><div class=\"h-full\"><div class=\"react-scroll-to-bottom--css-qbmbd-79elbk h-full\"><div class=\"react-scroll-to-bottom--css-qbmbd-1n7m0yu\"><div class=\"flex flex-col text-sm md:pb-9\"><article class=\"w-full scroll-mb-[var(--thread-trailing-height,150px)] text-token-text-primary focus-visible:outline-2 focus-visible:outline-offset-[-4px]\" dir=\"auto\" data-testid=\"conversation-turn-3\" data-scroll-anchor=\"true\"><div class=\"m-auto text-base py-[18px] px-3 md:px-4 w-full md:px-5 lg:px-4 xl:px-5\"><div class=\"mx-auto flex flex-1 gap-4 text-base md:gap-5 lg:gap-6 md:max-w-3xl lg:max-w-[40rem] xl:max-w-[48rem]\"><div class=\"group\/conversation-turn relative flex w-full min-w-0 flex-col agent-turn\"><div class=\"flex-col gap-1 md:gap-3\"><div class=\"flex max-w-full flex-col flex-grow\"><div class=\"min-h-8 text-message flex w-full flex-col items-end gap-2 whitespace-normal break-words text-start [.text-message+&amp;]:mt-5\" dir=\"auto\" data-message-author-role=\"assistant\" data-message-id=\"5a4c39a5-aff5-473f-993c-5d643a5db591\" data-message-model-slug=\"gpt-4o\"><div class=\"flex w-full flex-col gap-1 empty:hidden first:pt-[3px]\"><div class=\"markdown prose w-full break-words dark:prose-invert light\"><h3 style=\"text-align: center;\"><strong><b>Sentiers P\u00e9destres <\/b>La s\u00e9curit\u00e9 avant tout<\/strong><\/h3><p>\u00a0<\/p><p>Bien que Mad\u00e8re soit une destination splendide pour les amoureux de la nature, il est essentiel que toutes les activit\u00e9s de plein air soient r\u00e9alis\u00e9es en toute s\u00e9curit\u00e9. Ainsi, avant de vous aventurer dans une randonn\u00e9e :<\/p><ul><li class=\"translation-block\"><strong>Informez-vous sur le parcours aupr\u00e8s de l'entit\u00e9 gouvernementale responsable:<\/strong> Sur le niveau de difficult\u00e9 du sentier, les conditions m\u00e9t\u00e9orologiques et la dur\u00e9e pr\u00e9vue.\u200b<\/li><li class=\"translation-block\"><strong>\u00c9quipement ad\u00e9quat:<\/strong> Portez des chaussures confortables et appropri\u00e9es pour le type de sentier, emportez suffisamment d'eau, de la nourriture l\u00e9g\u00e8re et une veste imperm\u00e9able.<\/li><li class=\"translation-block\"><strong>Respectez la signalisation:<\/strong> De nombreux sentiers sont clairement balis\u00e9s. \u00c9vitez de quitter les parcours balis\u00e9s afin de ne pas courir de risques inutiles.\u200b<\/li><li class=\"translation-block\"><strong>Ne sous-estimez pas les levadas:<\/strong> Bien qu'elles puissent para\u00eetre paisibles, certains sentiers le long des levadas pr\u00e9sentent des passages \u00e9troits ou expos\u00e9s. Assurez-vous de rester vigilant et, dans certains cas, envisagez l'utilisation de b\u00e2tons de randonn\u00e9e.<\/li><\/ul><p>Respectez l'environnement et donnez la priorit\u00e9 \u00e0 la s\u00e9curit\u00e9, garantissant que vos exp\u00e9riences soient m\u00e9morables et sans incidents.\u00a0<\/p><p>\u00a0<\/p><h2 style=\"text-align: center;\">Pr\u00eat \u00e0 explorer l'\u00eele ? Nous vous attendons !!\u00a0<\/h2><\/div><\/div><\/div><\/div><\/div><\/div><\/div><\/div><\/article><\/div><\/div><\/div><\/div><\/div>\t\t\t\t\t\t\t\t<\/div>\n\t\t\t\t<\/div>\n\t\t\t\t\t<\/div>\n\t\t\t\t<\/div>\n\t\t<div class=\"elementor-element elementor-element-af797ec e-flex e-con-boxed e-con e-parent\" data-id=\"af797ec\" data-element_type=\"container\">\n\t\t\t\t\t<div class=\"e-con-inner\">\n\t\t\t\t<div class=\"elementor-element elementor-element-a73b323 elementor-widget elementor-widget-spacer\" data-id=\"a73b323\" data-element_type=\"widget\" data-widget_type=\"spacer.default\">\n\t\t\t\t<div class=\"elementor-widget-container\">\n\t\t\t\t\t\t\t<div class=\"elementor-spacer\">\n\t\t\t<div class=\"elementor-spacer-inner\"><\/div>\n\t\t<\/div>\n\t\t\t\t\t\t<\/div>\n\t\t\t\t<\/div>\n\t\t\t\t\t<\/div>\n\t\t\t\t<\/div>\n\t\t\t\t<\/div>","protected":false},"excerpt":{"rendered":"<p>Os Nossos Espa\u00e7os Exteriores Os espa\u00e7os exteriores das Casinhas da Laurissilva s\u00e3o um convite para quem procura relaxar e contemplar&#8230; <span class=\"knsl-el-more\"><a href=\"https:\/\/www.casinhasdalaurissilva.pt\/fr\/espaco_exterior\/\" class=\"knsl-btn\">Read more<span class=\"screen-reader-text\">Read more&nbsp;ESPA\u00c7O EXTERIOR<\/span><\/a><\/span><\/p>","protected":false},"author":1,"featured_media":0,"parent":0,"menu_order":0,"comment_status":"closed","ping_status":"closed","template":"template-layout-builder.php","meta":{"_acf_changed":false,"footnotes":""},"class_list":["post-713","page","type-page","status-publish","hentry"],"acf":[],"_links":{"self":[{"href":"https:\/\/www.casinhasdalaurissilva.pt\/fr\/wp-json\/wp\/v2\/pages\/713","targetHints":{"allow":["GET"]}}],"collection":[{"href":"https:\/\/www.casinhasdalaurissilva.pt\/fr\/wp-json\/wp\/v2\/pages"}],"about":[{"href":"https:\/\/www.casinhasdalaurissilva.pt\/fr\/wp-json\/wp\/v2\/types\/page"}],"author":[{"embeddable":true,"href":"https:\/\/www.casinhasdalaurissilva.pt\/fr\/wp-json\/wp\/v2\/users\/1"}],"replies":[{"embeddable":true,"href":"https:\/\/www.casinhasdalaurissilva.pt\/fr\/wp-json\/wp\/v2\/comments?post=713"}],"version-history":[{"count":79,"href":"https:\/\/www.casinhasdalaurissilva.pt\/fr\/wp-json\/wp\/v2\/pages\/713\/revisions"}],"predecessor-version":[{"id":56564,"href":"https:\/\/www.casinhasdalaurissilva.pt\/fr\/wp-json\/wp\/v2\/pages\/713\/revisions\/56564"}],"wp:attachment":[{"href":"https:\/\/www.casinhasdalaurissilva.pt\/fr\/wp-json\/wp\/v2\/media?parent=713"}],"curies":[{"name":"wp","href":"https:\/\/api.w.org\/{rel}","templated":true}]}}