{"id":3,"date":"2025-01-25T12:00:18","date_gmt":"2025-01-25T12:00:18","guid":{"rendered":"https:\/\/www.casinhasdalaurissilva.pt\/?page_id=3"},"modified":"2025-06-10T23:13:51","modified_gmt":"2025-06-10T22:13:51","slug":"politica-de-privacidade","status":"publish","type":"page","link":"https:\/\/www.casinhasdalaurissilva.pt\/fr\/politica-de-privacidade\/","title":{"rendered":"CONDITIONS D\u2019UTILISATION ET POLITIQUE DE CONFIDENTIALIT\u00c9"},"content":{"rendered":"<div data-elementor-type=\"wp-page\" data-elementor-id=\"3\" class=\"elementor elementor-3\">\n\t\t\t\t<div class=\"elementor-element elementor-element-2e85e7dc e-flex e-con-boxed e-con e-parent\" data-id=\"2e85e7dc\" data-element_type=\"container\">\n\t\t\t\t\t<div class=\"e-con-inner\">\n\t\t\t\t<div class=\"elementor-element elementor-element-1212af0c elementor-widget elementor-widget-text-editor\" data-id=\"1212af0c\" data-element_type=\"widget\" data-widget_type=\"text-editor.default\">\n\t\t\t\t<div class=\"elementor-widget-container\">\n\t\t\t\t\t\t\t\t\t<p><\/p>\n<ol>\n<li style=\"font-weight: 400;\"><strong> Introduction<\/strong><\/li>\n<\/ol>\n<p style=\"font-weight: 400;\" class=\"translation-block\">Bienvenue sur le site des <strong>Casinhas da Laurissilva \u2013 H\u00e9bergement Local<\/strong>, propri\u00e9t\u00e9 de <strong>Jungle Emotion \u2013 Turismo Rural Unipessoal Lda<\/strong>, avec le num\u00e9ro de TVA <strong>514472880<\/strong> et la licence d\u2019h\u00e9bergement local <strong>61189\/AL<\/strong>. En utilisant ce site web et nos services, vous acceptez les pr\u00e9sentes Conditions d\u2019Utilisation et Politique de Confidentialit\u00e9.<\/p>\n<ol start=\"2\">\n<li style=\"font-weight: 400;\"><strong> Utilisation du site Web<\/strong><\/li>\n<\/ol>\n<p style=\"font-weight: 400;\">2.1. L\u2019acc\u00e8s et l\u2019utilisation de ce site web sont soumis \u00e0 la l\u00e9gislation portugaise en vigueur.<\/p>\n<p style=\"font-weight: 400;\">2.2. Les utilisateurs s\u2019engagent \u00e0 fournir des informations v\u00e9ridiques et compl\u00e8tes lors de la r\u00e9servation ou de tout autre contact via le site web.<\/p>\n<p style=\"font-weight: 400;\" class=\"translation-block\">2.3. La <strong>Jungle Emotion \u2013 Turismo Rural Unipessoal Lda,<\/strong> se r\u00e9serve le droit de modifier les pr\u00e9sentes Conditions d\u2019Utilisation sans pr\u00e9avis.<\/p>\n<ol start=\"3\">\n<li style=\"font-weight: 400;\"><strong> Protection des donn\u00e9es et confidentialit\u00e9<\/strong><\/li>\n<\/ol>\n<p style=\"font-weight: 400;\">3.1. Conform\u00e9ment au R\u00e8glement G\u00e9n\u00e9ral sur la Protection des Donn\u00e9es (RGPD) et \u00e0 la l\u00e9gislation portugaise, nous garantissons la protection de vos donn\u00e9es personnelles.<\/p>\n<p style=\"font-weight: 400;\">3.2. Les donn\u00e9es collect\u00e9es sont utilis\u00e9es exclusivement pour la gestion des r\u00e9servations, la facturation, la communication avec le client et le respect des obligations l\u00e9gales.<\/p>\n<p style=\"font-weight: 400;\">3.3. Les donn\u00e9es des clients seront transmises aux autorit\u00e9s comp\u00e9tentes au Portugal, conform\u00e9ment \u00e0 la loi.<\/p>\n<p style=\"font-weight: 400;\">3.4. Apr\u00e8s le s\u00e9jour, le client peut demander la suppression de ses donn\u00e9es de nos registres, sauf dans les cas o\u00f9 il existe une obligation l\u00e9gale de conservation.<\/p>\n<p style=\"font-weight: 400;\" class=\"translation-block\">3.5. La <strong>Jungle Emotion\u00a0\u2013 Turismo Rural Unipessoal Lda<\/strong> adopte des mesures techniques et organisationnelles pour prot\u00e9ger les donn\u00e9es personnelles contre tout acc\u00e8s non autoris\u00e9, perte ou alt\u00e9ration.<\/p>\n<ol start=\"4\">\n<li style=\"font-weight: 400;\"><strong> Politique de remboursement<\/strong><\/li>\n<\/ol>\n<p style=\"font-weight: 400;\">4.1. Les r\u00e9servations peuvent \u00eatre annul\u00e9es conform\u00e9ment aux conditions sp\u00e9cifi\u00e9es au moment de la r\u00e9servation.<\/p>\n<p style=\"font-weight: 400;\" class=\"translation-block\">4.2. Les annulations effectu\u00e9es avec un pr\u00e9avis minimum de <strong>14 jours<\/strong> seront int\u00e9gralement rembours\u00e9es (sauf \u00e9ventuels frais administratifs).<\/p>\n<p style=\"font-weight: 400;\">4.3. Les annulations effectu\u00e9es apr\u00e8s ce d\u00e9lai seront factur\u00e9es au montant total de la r\u00e9servation.\u00a0<\/p>\n<p style=\"font-weight: 400;\">4.4. Si le client ne se pr\u00e9sente pas le jour de sa r\u00e9servation sans pr\u00e9avis, il se verra facturer le montant total de la r\u00e9servation et sa r\u00e9servation sera consid\u00e9r\u00e9e comme annul\u00e9e.<\/p>\n<p style=\"font-weight: 400;\">4.5. En cas de force majeure (maladie, restrictions l\u00e9gales, etc.), la possibilit\u00e9 d\u2019un remboursement partiel ou d\u2019une reprogrammation du s\u00e9jour sera examin\u00e9e.<\/p>\n<ol start=\"5\">\n<li style=\"font-weight: 400;\"><strong> R\u00e8gles d\u2019Utilisation de la Maison<\/strong><\/li>\n<\/ol>\n<p style=\"font-weight: 400;\">5.1. Enregistrement et d\u00e9part<\/p>\n<p style=\"font-weight: 400;\" class=\"translation-block\">Enregistrement\u00a0: de <strong>18h00 \u00e0 19h00\u00a0|\u00a0<\/strong>D\u00e9part\u00a0: jusqu\u2019\u00e0 <strong>11h00<\/strong><\/p>\n<p style=\"font-weight: 400;\">Les demandes d\u2019enregistrement anticip\u00e9 ou de d\u00e9part tardif doivent \u00eatre formul\u00e9es \u00e0 l\u2019avance et sont soumises \u00e0 disponibilit\u00e9.<\/p>\n<p>5.2.Condi\u00e7\u00f5es de Estadia &#8211; A dura\u00e7\u00e3o m\u00ednima de estadia \u00e9 fixada em dois dias consecutivos.<\/p>\n<p style=\"font-weight: 400;\">5.3.Ocupa\u00e7\u00e3o e Visitantes \u2013 Apenas os h\u00f3spedes registados na reserva podem entrar na acomoda\u00e7\u00e3o.<\/p>\n<p style=\"font-weight: 400;\">5.4. Regras de Conviv\u00eancia \u2013 Mantenha o volume baixo entre <strong>22h00 e 08h00<\/strong>\u00a0para respeitar os vizinhos. O uso do alojamento deve ser exclusivamente para fins de lazer ou turismo.<\/p>\n<p style=\"font-weight: 400;\">5.5. Limpeza e Conserva\u00e7\u00e3o \u2013 A acomoda\u00e7\u00e3o deve ser deixada em boas condi\u00e7\u00f5es de limpeza. Respeite a separa\u00e7\u00e3o do lixo e utilize os ecopontos dispon\u00edveis. N\u00e3o \u00e9 permitido mover m\u00f3veis ou retirar itens da casa.<\/p>\n<p style=\"font-weight: 400;\">5.6. Seguran\u00e7a \u2013 Mantenha as luzes, portas e janelas trancadas ao sair. N\u00e3o deixe ar condicionado, esquentador, velas ou fog\u00e3o ligados sem supervis\u00e3o. Fumar dentro da casa \u00e9 proibido, utilize as \u00e1reas externas designadas. N\u00e3o \u00e9 permitido realizar fogueiras ou qualquer lume no espa\u00e7o exterior.\u00a0<\/p>\n<p style=\"font-weight: 400;\">5.7. Animais de Estima\u00e7\u00e3o \u2013 N\u00e3o s\u00e3o permitidos animais de estima\u00e7\u00e3o.<\/p>\n<p style=\"font-weight: 400;\">5.8. Danos e Responsabilidade \u2013 Qualquer dano \u00e0 propriedade deve ser comunicado de imediato. O h\u00f3spede \u00e9 respons\u00e1vel por eventuais custos de repara\u00e7\u00e3o de danos causados por uso indevido.<\/p>\n<p style=\"font-weight: 400;\">5.9.Outros Pontos Importantes \u2013 O n\u00e3o cumprimento das regras pode resultar no cancelamento da estadia sem reembolso. A estadia implica a aceita\u00e7\u00e3o integral destas regras.<\/p>\n<ol start=\"6\">\n<li style=\"font-weight: 400;\"><strong> Contact<\/strong><\/li>\n<\/ol>\n<p style=\"font-weight: 400;\">Para esclarecimentos adicionais, pode contactar-nos atrav\u00e9s do telefone +351 910 077 812 ou do\u00a0 e-mail <a href=\"mailto:geral@casinhasdalaurissilva.pt\">geral@casinhasdalaurissilva.pt<\/a>.<\/p>\n<p style=\"font-weight: 400;\">Nous vous remercions par avance pour votre collaboration et vous souhaitons un s\u00e9jour merveilleux!<\/p>\n<p style=\"font-weight: 400;\">\u00a0<\/p>\t\t\t\t\t\t\t\t<\/div>\n\t\t\t\t<\/div>\n\t\t\t\t\t<\/div>\n\t\t\t\t<\/div>\n\t\t\t\t<\/div>","protected":false},"excerpt":{"rendered":"<p>Introdu\u00e7\u00e3o Bem-vindo ao website das\u00a0Casinhas da Laurissilva \u2013 Alojamento Local, propriedade da\u00a0Jungle Emotion\u00a0&#8211; Turismo Rural Unipessoal Lda, com NIF\u00a0514472880\u00a0e licen\u00e7a&#8230; <span class=\"knsl-el-more\"><a href=\"https:\/\/www.casinhasdalaurissilva.pt\/fr\/politica-de-privacidade\/\" class=\"knsl-btn\">Read more<span class=\"screen-reader-text\">Read more&nbsp;TERMOS DE UTILIZA\u00c7\u00c3O E POL\u00cdTICA DE PRIVACIDADE<\/span><\/a><\/span><\/p>","protected":false},"author":1,"featured_media":0,"parent":0,"menu_order":0,"comment_status":"closed","ping_status":"open","template":"","meta":{"_acf_changed":false,"footnotes":""},"class_list":["post-3","page","type-page","status-publish","hentry"],"acf":[],"_links":{"self":[{"href":"https:\/\/www.casinhasdalaurissilva.pt\/fr\/wp-json\/wp\/v2\/pages\/3","targetHints":{"allow":["GET"]}}],"collection":[{"href":"https:\/\/www.casinhasdalaurissilva.pt\/fr\/wp-json\/wp\/v2\/pages"}],"about":[{"href":"https:\/\/www.casinhasdalaurissilva.pt\/fr\/wp-json\/wp\/v2\/types\/page"}],"author":[{"embeddable":true,"href":"https:\/\/www.casinhasdalaurissilva.pt\/fr\/wp-json\/wp\/v2\/users\/1"}],"replies":[{"embeddable":true,"href":"https:\/\/www.casinhasdalaurissilva.pt\/fr\/wp-json\/wp\/v2\/comments?post=3"}],"version-history":[{"count":62,"href":"https:\/\/www.casinhasdalaurissilva.pt\/fr\/wp-json\/wp\/v2\/pages\/3\/revisions"}],"predecessor-version":[{"id":106018,"href":"https:\/\/www.casinhasdalaurissilva.pt\/fr\/wp-json\/wp\/v2\/pages\/3\/revisions\/106018"}],"wp:attachment":[{"href":"https:\/\/www.casinhasdalaurissilva.pt\/fr\/wp-json\/wp\/v2\/media?parent=3"}],"curies":[{"name":"wp","href":"https:\/\/api.w.org\/{rel}","templated":true}]}}