{"id":287,"date":"2021-12-05T00:09:06","date_gmt":"2021-12-05T00:09:06","guid":{"rendered":"https:\/\/kinsley-demo.bslthemes.com\/?page_id=287"},"modified":"2025-04-15T21:12:49","modified_gmt":"2025-04-15T20:12:49","slug":"sobre-nos","status":"publish","type":"page","link":"https:\/\/www.casinhasdalaurissilva.pt\/fr\/sobre-nos\/","title":{"rendered":"\u00c0 PROPOS DE NOUS"},"content":{"rendered":"<div data-elementor-type=\"wp-page\" data-elementor-id=\"287\" class=\"elementor elementor-287\">\n\t\t\t\t<div class=\"elementor-element elementor-element-1e1c88d e-con-full e-flex e-con e-parent\" data-id=\"1e1c88d\" data-element_type=\"container\">\n\t\t<div class=\"elementor-element elementor-element-8f97c78 e-con-full e-flex e-con e-child\" data-id=\"8f97c78\" data-element_type=\"container\">\n\t\t<div class=\"elementor-element elementor-element-f88071f e-con-full e-flex e-con e-child\" data-id=\"f88071f\" data-element_type=\"container\">\n\t\t\t\t<div class=\"elementor-element elementor-element-41271c6 elementor-widget elementor-widget-kinsley-intro\" data-id=\"41271c6\" data-element_type=\"widget\" data-widget_type=\"kinsley-intro.default\">\n\t\t\t\t<div class=\"elementor-widget-container\">\n\t\t\t\t\t\n\t\t<!-- banner -->\n\t\t<section class=\"knsl-banner-simple knsl-banner-white\">\n\t\t\t\t\t\t\t\n\t\t\n\t\t\t\t\t\t<div class=\"knsl-cover-frame\">\n\t\t\t\t\t\t\t\t\t\t\t\t<div style=\"background-image: url('https:\/\/www.casinhasdalaurissilva.pt\/wp-content\/uploads\/2025\/01\/Por-do-Sol.png');\" class=\"knsl-parallax knsl-banner-slide\"><\/div>\n\t\t\t\t\t\t\t\t\t\t\t\t\t\t\t\t\t\t\t<\/div>\n\t\t\t<div class=\"knsl-overlay\" style=\"opacity: 0.35;\"><\/div>\n\t\t\t\n\t\t\t\t\t\t<div class=\"container\"><div class=\"row\"><div class=\"col-lg-12\">\n\t\t\t\t\t\t<div class=\"knsl-center knsl-title-frame\">\n\t\t\t\t\t\t\t\t\t\t\t\t\t\t\t<\/div>\n\t\t\t\t\t\t<\/div><\/div><\/div>\n\t\t\t\n\t\t<\/section>\n\t\t<!-- banner end -->\n\n\t\t\t\t\t\t<\/div>\n\t\t\t\t<\/div>\n\t\t\t\t<\/div>\n\t\t\t\t<\/div>\n\t\t\t\t<\/div>\n\t\t<div class=\"elementor-element elementor-element-7719978 e-con-full e-flex e-con e-parent\" data-id=\"7719978\" data-element_type=\"container\">\n\t\t<div class=\"elementor-element elementor-element-519312f e-flex e-con-boxed e-con e-child\" data-id=\"519312f\" data-element_type=\"container\">\n\t\t\t\t\t<div class=\"e-con-inner\">\n\t\t<div class=\"elementor-element elementor-element-09aa067 e-con-full e-flex e-con e-child\" data-id=\"09aa067\" data-element_type=\"container\">\n\t\t\t\t<div class=\"elementor-element elementor-element-413be83 elementor-widget elementor-widget-kinsley-section-heading-two\" data-id=\"413be83\" data-element_type=\"widget\" data-widget_type=\"kinsley-section-heading-two.default\">\n\t\t\t\t<div class=\"elementor-widget-container\">\n\t\t\t\t\t\n\t\t\t\t<div class=\"knsl-subtitle-two knsl-mb-20\">\n\t\t\t<span >\n\t\t\t\tCasinhas da Laurissilva\t\t\t<\/span>\n\t\t<\/div>\n\t\t\t\t\t\t<h2 class=\"knsl-title-two knsl-mb-30\">\n\t\t\t<span >\n\t\t\t\tNotre Histoire et <em><strong>Engagement<\/strong><\/em>\t\t\t<\/span>\n\t\t<\/h2>\n\t\t\t\t\n\t\t\t\t\t\t<\/div>\n\t\t\t\t<\/div>\n\t\t\t\t<div class=\"elementor-element elementor-element-cc29970 elementor-widget elementor-widget-text-editor\" data-id=\"cc29970\" data-element_type=\"widget\" data-widget_type=\"text-editor.default\">\n\t\t\t\t<div class=\"elementor-widget-container\">\n\t\t\t\t\t\t\t\t\t<p class=\"translation-block\">Les <strong>Casinhas da Laurissilva<\/strong> sont n\u00e9es du r\u00eave d'une famille qui souhaite le maintenir vivant : offrir \u00e0 ceux qui nous rendent visite un s\u00e9jour unique en pleine nature, o\u00f9 se cr\u00e9ent des souvenirs inoubliables parmi les recoins magiques de la <strong>For\u00eat de Laurissilva<\/strong> de l'\u00eele de Mad\u00e8re.<\/p><p class=\"translation-block\">Situ\u00e9es entre <strong>Encumeada<\/strong> et <strong>S\u00e3o Vicente<\/strong>, dans un lieu pr\u00e9serv\u00e9 et intact, ces petites maisons offrent la sensation de plonger au c\u0153ur de l'\u00eele, dans un v\u00e9ritable voyage vers le pass\u00e9 naturel de millions d'ann\u00e9es. Tout comme Jules Verne l'a imagin\u00e9 dans son <em>Voyage au centre de la Terre<\/em>, ici l'aventure se vit sans recourir aux nouvelles technologies\u2014seulement en marchant, en observant et en contemplant ce que la nature nous offre. Une invitation \u00e0 explorer ce paradis intemporel, connu sous le nom de <strong>S\u00edtio da Madeira<\/strong>.<\/p><p class=\"translation-block\">Dans ce d\u00e9cor, il est possible d'admirer une vaste \u00e9tendue foresti\u00e8re et d'impressionnantes formations g\u00e9ologiques qui ont r\u00e9sist\u00e9 au temps sans intervention humaine. Les visiteurs peuvent d\u00e9couvrir la richesse de la <strong>For\u00eat de Laurissilva<\/strong>, habitat de nombreuses esp\u00e8ces qui s'y sont \u00e9tablies il y a des millions d'ann\u00e9es, \u00e0 travers un fascinant processus de succession \u00e9cologique.<\/p>\t\t\t\t\t\t\t\t<\/div>\n\t\t\t\t<\/div>\n\t\t\t\t<\/div>\n\t\t<div class=\"elementor-element elementor-element-9b5acb4 e-con-full e-flex e-con e-child\" data-id=\"9b5acb4\" data-element_type=\"container\">\n\t\t\t\t<\/div>\n\t\t<div class=\"elementor-element elementor-element-1b8bec4 e-con-full e-flex e-con e-child\" data-id=\"1b8bec4\" data-element_type=\"container\">\n\t\t\t\t<div class=\"elementor-element elementor-element-4980899 elementor-widget elementor-widget-image\" data-id=\"4980899\" data-element_type=\"widget\" data-widget_type=\"image.default\">\n\t\t\t\t<div class=\"elementor-widget-container\">\n\t\t\t\t\t\t\t\t\t\t\t\t\t\t\t<img decoding=\"async\" src=\"https:\/\/www.casinhasdalaurissilva.pt\/wp-content\/uploads\/elementor\/thumbs\/Casa-scaled-r19oqraamyta7itqy4tf6y6aow9nat4zdkdj3x2wpc.jpg\" title=\"Casa\" alt=\"Casa\" loading=\"lazy\" \/>\t\t\t\t\t\t\t\t\t\t\t\t\t\t\t<\/div>\n\t\t\t\t<\/div>\n\t\t\t\t<\/div>\n\t\t<div class=\"elementor-element elementor-element-b2b837c e-con-full e-flex e-con e-child\" data-id=\"b2b837c\" data-element_type=\"container\">\n\t\t\t\t<div class=\"elementor-element elementor-element-ef6f682 elementor-widget elementor-widget-image\" data-id=\"ef6f682\" data-element_type=\"widget\" data-widget_type=\"image.default\">\n\t\t\t\t<div class=\"elementor-widget-container\">\n\t\t\t\t\t\t\t\t\t\t\t\t\t\t\t<img decoding=\"async\" src=\"https:\/\/www.casinhasdalaurissilva.pt\/wp-content\/uploads\/elementor\/thumbs\/Vista-V-scaled-r19oqgy2jsf4nt8rmicixis85noly4zxo576tvi8ls.jpg\" title=\"Vista 5\" alt=\"Vista 5\" loading=\"lazy\" \/>\t\t\t\t\t\t\t\t\t\t\t\t\t\t\t<\/div>\n\t\t\t\t<\/div>\n\t\t\t\t<\/div>\n\t\t\t\t\t<\/div>\n\t\t\t\t<\/div>\n\t\t\t\t<\/div>\n\t\t<div class=\"elementor-element elementor-element-d40f164 e-con-full e-flex e-con e-parent\" data-id=\"d40f164\" data-element_type=\"container\">\n\t\t<div class=\"elementor-element elementor-element-5f5842b e-flex e-con-boxed e-con e-child\" data-id=\"5f5842b\" data-element_type=\"container\">\n\t\t\t\t\t<div class=\"e-con-inner\">\n\t\t<div class=\"elementor-element elementor-element-6fbecf2 e-flex e-con-boxed e-con e-child\" data-id=\"6fbecf2\" data-element_type=\"container\">\n\t\t\t\t\t<div class=\"e-con-inner\">\n\t\t\t\t<div class=\"elementor-element elementor-element-16dfc0f elementor-widget elementor-widget-video\" data-id=\"16dfc0f\" data-element_type=\"widget\" data-settings=\"{&quot;youtube_url&quot;:&quot;https:\\\/\\\/youtu.be\\\/MyvtgUBDB-Y?feature=shared&quot;,&quot;video_type&quot;:&quot;youtube&quot;,&quot;controls&quot;:&quot;yes&quot;}\" data-widget_type=\"video.default\">\n\t\t\t\t<div class=\"elementor-widget-container\">\n\t\t\t\t\t\t\t<div class=\"elementor-wrapper elementor-open-inline\">\n\t\t\t<div class=\"elementor-video\"><\/div>\t\t<\/div>\n\t\t\t\t\t\t<\/div>\n\t\t\t\t<\/div>\n\t\t\t\t\t<\/div>\n\t\t\t\t<\/div>\n\t\t\t\t\t<\/div>\n\t\t\t\t<\/div>\n\t\t\t\t<\/div>\n\t\t<div class=\"elementor-element elementor-element-600c80b e-con-full e-flex e-con e-parent\" data-id=\"600c80b\" data-element_type=\"container\">\n\t\t<div class=\"elementor-element elementor-element-0b9120b e-flex e-con-boxed e-con e-child\" data-id=\"0b9120b\" data-element_type=\"container\">\n\t\t\t\t\t<div class=\"e-con-inner\">\n\t\t<div class=\"elementor-element elementor-element-625df1e e-con-full e-flex e-con e-child\" data-id=\"625df1e\" data-element_type=\"container\">\n\t\t\t\t<div class=\"elementor-element elementor-element-080020c elementor-widget__width-initial elementor-widget elementor-widget-kinsley-section-heading-two\" data-id=\"080020c\" data-element_type=\"widget\" data-widget_type=\"kinsley-section-heading-two.default\">\n\t\t\t\t<div class=\"elementor-widget-container\">\n\t\t\t\t\t\n\t\t\t\t<div class=\"knsl-subtitle-two knsl-mb-20\">\n\t\t\t<span >\n\t\t\t\tRespirez profond\u00e9ment, d\u00e9couvrez la magie de la <strong>For\u00eat Laurissilva<\/strong>\t\t\t<\/span>\n\t\t<\/div>\n\t\t\t\t\t\t<h2 class=\"knsl-title-two knsl-mb-30\">\n\t\t\t<span >\n\t\t\t\tUn Refuge pour le C\u0153ur <em><strong>Une Recharge pour l'\u00c2me...<\/strong><\/em>\t\t\t<\/span>\n\t\t<\/h2>\n\t\t\t\t\n\t\t\t\t\t\t<\/div>\n\t\t\t\t<\/div>\n\t\t\t\t<\/div>\n\t\t\t\t\t<\/div>\n\t\t\t\t<\/div>\n\t\t\t\t<\/div>\n\t\t<div class=\"elementor-element elementor-element-a83495b e-flex e-con-boxed e-con e-parent\" data-id=\"a83495b\" data-element_type=\"container\">\n\t\t\t\t\t<div class=\"e-con-inner\">\n\t\t<div class=\"elementor-element elementor-element-07e64e1 e-con-full e-flex e-con e-child\" data-id=\"07e64e1\" data-element_type=\"container\">\n\t\t\t\t<div class=\"elementor-element elementor-element-02609a0 elementor-widget elementor-widget-video\" data-id=\"02609a0\" data-element_type=\"widget\" data-settings=\"{&quot;video_type&quot;:&quot;hosted&quot;,&quot;controls&quot;:&quot;yes&quot;}\" data-widget_type=\"video.default\">\n\t\t\t\t<div class=\"elementor-widget-container\">\n\t\t\t\t\t\t\t<div class=\"e-hosted-video elementor-wrapper elementor-open-inline\">\n\t\t\t\t\t<video class=\"elementor-video\" src=\"https:\/\/www.casinhasdalaurissilva.pt\/wp-content\/uploads\/2025\/02\/Levada.mp4\" controls=\"\" preload=\"metadata\" controlslist=\"nodownload\"><\/video>\n\t\t\t\t<\/div>\n\t\t\t\t\t\t<\/div>\n\t\t\t\t<\/div>\n\t\t\t\t<\/div>\n\t\t<div class=\"elementor-element elementor-element-24bfd31 e-con-full e-flex e-con e-child\" data-id=\"24bfd31\" data-element_type=\"container\">\n\t\t<div class=\"elementor-element elementor-element-ab1cbd1 e-con-full e-flex e-con e-child\" data-id=\"ab1cbd1\" data-element_type=\"container\">\n\t\t<div class=\"elementor-element elementor-element-9e17c02 e-con-full e-flex e-con e-child\" data-id=\"9e17c02\" data-element_type=\"container\">\n\t\t\t\t<div class=\"elementor-element elementor-element-80cec5c elementor-widget elementor-widget-heading\" data-id=\"80cec5c\" data-element_type=\"widget\" data-widget_type=\"heading.default\">\n\t\t\t\t<div class=\"elementor-widget-container\">\n\t\t\t\t\t<h4 class=\"elementor-heading-title elementor-size-default\">L'Espace<\/h4>\t\t\t\t<\/div>\n\t\t\t\t<\/div>\n\t\t\t\t<div class=\"elementor-element elementor-element-274ee47 elementor-widget elementor-widget-text-editor\" data-id=\"274ee47\" data-element_type=\"widget\" data-widget_type=\"text-editor.default\">\n\t\t\t\t<div class=\"elementor-widget-container\">\n\t\t\t\t\t\t\t\t\t<p class=\"translation-block\">Les petites maisons sont situ\u00e9es dans un paysage pittoresque au c\u0153ur de la For\u00eat Laurissilva, entour\u00e9es de cascades, de canaux d'eau et de sentiers de randonn\u00e9e. L'h\u00e9bergement se compose de six maisons, chacune avec son propre espace, tout en permettant un partage harmonieux des espaces communs. La propri\u00e9t\u00e9 s'\u00e9tend sur un vaste terrain avec des arbres fruitiers que les h\u00f4tes peuvent appr\u00e9cier librement. Le stationnement est <strong>priv\u00e9 et gratuit<\/strong>.<\/p>\t\t\t\t\t\t\t\t<\/div>\n\t\t\t\t<\/div>\n\t\t\t\t<\/div>\n\t\t\t\t<\/div>\n\t\t<div class=\"elementor-element elementor-element-73716ff e-con-full e-flex e-con e-child\" data-id=\"73716ff\" data-element_type=\"container\">\n\t\t<div class=\"elementor-element elementor-element-f6d8159 e-con-full e-flex e-con e-child\" data-id=\"f6d8159\" data-element_type=\"container\">\n\t\t\t\t<div class=\"elementor-element elementor-element-ca58a24 elementor-widget elementor-widget-heading\" data-id=\"ca58a24\" data-element_type=\"widget\" data-widget_type=\"heading.default\">\n\t\t\t\t<div class=\"elementor-widget-container\">\n\t\t\t\t\t<h4 class=\"elementor-heading-title elementor-size-default\">Acc\u00e8s des H\u00f4tes<\/h4>\t\t\t\t<\/div>\n\t\t\t\t<\/div>\n\t\t\t\t<div class=\"elementor-element elementor-element-b0a9391 elementor-widget elementor-widget-text-editor\" data-id=\"b0a9391\" data-element_type=\"widget\" data-widget_type=\"text-editor.default\">\n\t\t\t\t<div class=\"elementor-widget-container\">\n\t\t\t\t\t\t\t\t\t<p>Nos h\u00f4tes ont un acc\u00e8s complet \u00e0 l'espace ext\u00e9rieur de la propri\u00e9t\u00e9, o\u00f9 ils peuvent profiter d'un environnement naturel unique et immersif. Les espaces de loisirs ont \u00e9t\u00e9 con\u00e7us pour offrir des moments de pure d\u00e9tente, que ce soit en se reposant au son de la nature, en explorant les recoins verdoyants ou en savourant des fruits frais cueillis directement sur les arbres.<\/p><p class=\"translation-block\">L'un des principaux attraits de la propri\u00e9t\u00e9 est la <strong>cascade imposante de 77 m\u00e8tres<\/strong>, un v\u00e9ritable joyau naturel qui impressionne par sa grandeur et sa beaut\u00e9. L'eau descend en couches douces sur la roche couverte de mousse, cr\u00e9ant un spectacle visuel et sonore qui transmet paix et tranquillit\u00e9. Les jours ensoleill\u00e9s, les rayons se refl\u00e8tent sur les gouttes en chute, formant de petits arcs-en-ciel qui rendent le paysage encore plus magique.<\/p><p>L'endroit est parfait pour des moments de contemplation et de photographie, mais aussi pour ressentir la fra\u00eecheur de la brise humide qui revigore le corps et l'esprit. Si vous aimez la nature dans son \u00e9tat le plus pur, ce sera sans aucun doute l'un des points forts de votre s\u00e9jour.<\/p>\t\t\t\t\t\t\t\t<\/div>\n\t\t\t\t<\/div>\n\t\t\t\t<\/div>\n\t\t\t\t<\/div>\n\t\t\t\t<\/div>\n\t\t\t\t\t<\/div>\n\t\t\t\t<\/div>\n\t\t<div class=\"elementor-element elementor-element-0282589 e-flex e-con-boxed e-con e-parent\" data-id=\"0282589\" data-element_type=\"container\">\n\t\t\t\t\t<div class=\"e-con-inner\">\n\t\t\t\t<div class=\"elementor-element elementor-element-96e8180 elementor-widget elementor-widget-text-editor\" data-id=\"96e8180\" data-element_type=\"widget\" data-widget_type=\"text-editor.default\">\n\t\t\t\t<div class=\"elementor-widget-container\">\n\t\t\t\t\t\t\t\t\t<h5 style=\"text-align: center;\">Venez vivre cette exp\u00e9rience unique au c\u0153ur de Mad\u00e8re. Nous vous attendons pour un s\u00e9jour m\u00e9morable\u202f!\u00a0<\/h5><h4 style=\"text-align: center;\"><strong>Bon voyage et \u00e0 bient\u00f4t!<\/strong><\/h4>\t\t\t\t\t\t\t\t<\/div>\n\t\t\t\t<\/div>\n\t\t\t\t\t<\/div>\n\t\t\t\t<\/div>\n\t\t<div class=\"elementor-element elementor-element-d912d15 e-flex e-con-boxed e-con e-parent\" data-id=\"d912d15\" data-element_type=\"container\">\n\t\t\t\t\t<div class=\"e-con-inner\">\n\t\t\t\t<div class=\"elementor-element elementor-element-10ad88e elementor-widget elementor-widget-spacer\" data-id=\"10ad88e\" data-element_type=\"widget\" data-widget_type=\"spacer.default\">\n\t\t\t\t<div class=\"elementor-widget-container\">\n\t\t\t\t\t\t\t<div class=\"elementor-spacer\">\n\t\t\t<div class=\"elementor-spacer-inner\"><\/div>\n\t\t<\/div>\n\t\t\t\t\t\t<\/div>\n\t\t\t\t<\/div>\n\t\t\t\t\t<\/div>\n\t\t\t\t<\/div>\n\t\t\t\t<\/div>","protected":false},"excerpt":{"rendered":"<p>Casinhas da Laurissilva A Nossa Hist\u00f3ria e Compromisso As Casinhas da Laurissilva nasceram do sonho de uma fam\u00edlia que deseja&#8230; <span class=\"knsl-el-more\"><a href=\"https:\/\/www.casinhasdalaurissilva.pt\/fr\/sobre-nos\/\" class=\"knsl-btn\">Read more<span class=\"screen-reader-text\">Read more&nbsp;SOBRE N\u00d3S<\/span><\/a><\/span><\/p>","protected":false},"author":1,"featured_media":0,"parent":0,"menu_order":0,"comment_status":"closed","ping_status":"closed","template":"template-layout-builder.php","meta":{"_acf_changed":false,"footnotes":""},"class_list":["post-287","page","type-page","status-publish","hentry"],"acf":[],"_links":{"self":[{"href":"https:\/\/www.casinhasdalaurissilva.pt\/fr\/wp-json\/wp\/v2\/pages\/287","targetHints":{"allow":["GET"]}}],"collection":[{"href":"https:\/\/www.casinhasdalaurissilva.pt\/fr\/wp-json\/wp\/v2\/pages"}],"about":[{"href":"https:\/\/www.casinhasdalaurissilva.pt\/fr\/wp-json\/wp\/v2\/types\/page"}],"author":[{"embeddable":true,"href":"https:\/\/www.casinhasdalaurissilva.pt\/fr\/wp-json\/wp\/v2\/users\/1"}],"replies":[{"embeddable":true,"href":"https:\/\/www.casinhasdalaurissilva.pt\/fr\/wp-json\/wp\/v2\/comments?post=287"}],"version-history":[{"count":114,"href":"https:\/\/www.casinhasdalaurissilva.pt\/fr\/wp-json\/wp\/v2\/pages\/287\/revisions"}],"predecessor-version":[{"id":55297,"href":"https:\/\/www.casinhasdalaurissilva.pt\/fr\/wp-json\/wp\/v2\/pages\/287\/revisions\/55297"}],"wp:attachment":[{"href":"https:\/\/www.casinhasdalaurissilva.pt\/fr\/wp-json\/wp\/v2\/media?parent=287"}],"curies":[{"name":"wp","href":"https:\/\/api.w.org\/{rel}","templated":true}]}}