{"id":713,"date":"2021-12-15T17:07:22","date_gmt":"2021-12-15T17:07:22","guid":{"rendered":"https:\/\/kinsley-demo.bslthemes.com\/?page_id=713"},"modified":"2025-04-16T19:00:52","modified_gmt":"2025-04-16T18:00:52","slug":"espaco_exterior","status":"publish","type":"page","link":"https:\/\/www.casinhasdalaurissilva.pt\/de\/espaco_exterior\/","title":{"rendered":"ESPA\u00c7O EXTERIOR"},"content":{"rendered":"<div data-elementor-type=\"wp-page\" data-elementor-id=\"713\" class=\"elementor elementor-713\">\n\t\t\t\t<div class=\"elementor-element elementor-element-0e510a5 e-con-full e-flex e-con e-parent\" data-id=\"0e510a5\" data-element_type=\"container\">\n\t\t<div class=\"elementor-element elementor-element-aa7c2b4 e-con-full e-flex e-con e-child\" data-id=\"aa7c2b4\" data-element_type=\"container\">\n\t\t<div class=\"elementor-element elementor-element-3ecec21 e-con-full e-flex e-con e-child\" data-id=\"3ecec21\" data-element_type=\"container\">\n\t\t\t\t<div class=\"elementor-element elementor-element-8090702 elementor-widget elementor-widget-kinsley-intro\" data-id=\"8090702\" data-element_type=\"widget\" data-widget_type=\"kinsley-intro.default\">\n\t\t\t\t<div class=\"elementor-widget-container\">\n\t\t\t\t\t\n\t\t<!-- banner -->\n\t\t<section class=\"knsl-banner-simple knsl-transition-bottom\">\n\t\t\t\t\t\t\t\n\t\t\n\t\t\t\n\t\t\t\t\t\t<div class=\"container\"><div class=\"row\"><div class=\"col-lg-12\">\n\t\t\t\t\t\t<div class=\"knsl-center knsl-title-frame\">\n\t\t\t\t\t\t\t\t<h1 class=\"knsl-title--h knsl-mb-20 knsl-h1-inner\">\n\t\t\t\t\t<span >\n\t\t\t\t\t\tUnsere Au\u00dfenbereiche\t\t\t\t\t<\/span>\n\t\t\t\t<\/h1>\n\t\t\t\t\t\t\t\t\t\t\t\t\t\t\t<\/div>\n\t\t\t\t\t\t<\/div><\/div><\/div>\n\t\t\t\n\t\t<\/section>\n\t\t<!-- banner end -->\n\n\t\t\t\t\t\t<\/div>\n\t\t\t\t<\/div>\n\t\t\t\t<\/div>\n\t\t\t\t<\/div>\n\t\t\t\t<\/div>\n\t\t<div class=\"elementor-element elementor-element-bf1d24f e-flex e-con-boxed e-con e-parent\" data-id=\"bf1d24f\" data-element_type=\"container\">\n\t\t\t\t\t<div class=\"e-con-inner\">\n\t\t\t\t<div class=\"elementor-element elementor-element-81bef7f elementor-widget elementor-widget-image\" data-id=\"81bef7f\" data-element_type=\"widget\" data-widget_type=\"image.default\">\n\t\t\t\t<div class=\"elementor-widget-container\">\n\t\t\t\t\t\t\t\t\t\t\t\t\t\t\t<img fetchpriority=\"high\" decoding=\"async\" width=\"1536\" height=\"717\" src=\"https:\/\/www.casinhasdalaurissilva.pt\/wp-content\/uploads\/2025\/01\/Floresta-1536x717.jpg\" class=\"attachment-1536x1536 size-1536x1536 wp-image-10195\" alt=\"\" srcset=\"https:\/\/www.casinhasdalaurissilva.pt\/wp-content\/uploads\/2025\/01\/Floresta-1536x717.jpg 1536w, https:\/\/www.casinhasdalaurissilva.pt\/wp-content\/uploads\/2025\/01\/Floresta-300x140.jpg 300w, https:\/\/www.casinhasdalaurissilva.pt\/wp-content\/uploads\/2025\/01\/Floresta-1024x478.jpg 1024w, https:\/\/www.casinhasdalaurissilva.pt\/wp-content\/uploads\/2025\/01\/Floresta-768x359.jpg 768w, https:\/\/www.casinhasdalaurissilva.pt\/wp-content\/uploads\/2025\/01\/Floresta-2048x956.jpg 2048w, https:\/\/www.casinhasdalaurissilva.pt\/wp-content\/uploads\/2025\/01\/Floresta-950x444.jpg 950w, https:\/\/www.casinhasdalaurissilva.pt\/wp-content\/uploads\/2025\/01\/Floresta-1920x897.jpg 1920w, https:\/\/www.casinhasdalaurissilva.pt\/wp-content\/uploads\/2025\/01\/Floresta-800x374.jpg 800w\" sizes=\"(max-width: 1536px) 100vw, 1536px\" \/>\t\t\t\t\t\t\t\t\t\t\t\t\t\t\t<\/div>\n\t\t\t\t<\/div>\n\t\t\t\t\t<\/div>\n\t\t\t\t<\/div>\n\t\t<div class=\"elementor-element elementor-element-7e328e3 e-flex e-con-boxed e-con e-parent\" data-id=\"7e328e3\" data-element_type=\"container\">\n\t\t\t\t\t<div class=\"e-con-inner\">\n\t\t<div class=\"elementor-element elementor-element-5596795 e-con-full e-flex e-con e-child\" data-id=\"5596795\" data-element_type=\"container\">\n\t\t<div class=\"elementor-element elementor-element-da953c1 e-con-full e-flex e-con e-child\" data-id=\"da953c1\" data-element_type=\"container\">\n\t\t\t\t<div class=\"elementor-element elementor-element-1ad8fd2 elementor-widget elementor-widget-kinsley-section-heading-two\" data-id=\"1ad8fd2\" data-element_type=\"widget\" data-widget_type=\"kinsley-section-heading-two.default\">\n\t\t\t\t<div class=\"elementor-widget-container\">\n\t\t\t\t\t\n\t\t\t\t<div class=\"knsl-subtitle-two knsl-mb-20\">\n\t\t\t<span >\n\t\t\t\tEINE LIEBESGESCHICHTE F\u00dcR DIE INSEL\t\t\t<\/span>\n\t\t<\/div>\n\t\t\t\t\t\t<h2 class=\"knsl-title-two knsl-mb-30\">\n\t\t\t<span >\n\t\t\t\tMadeira: Ein nat\u00fcrliches Paradies f\u00fcr <strong>Entdecken<\/strong><\/em>\t\t\t<\/span>\n\t\t<\/h2>\n\t\t\t\t\n\t\t\t\t\t\t<\/div>\n\t\t\t\t<\/div>\n\t\t\t\t<div class=\"elementor-element elementor-element-f6e1e66 elementor-widget elementor-widget-text-editor\" data-id=\"f6e1e66\" data-element_type=\"widget\" data-widget_type=\"text-editor.default\">\n\t\t\t\t<div class=\"elementor-widget-container\">\n\t\t\t\t\t\t\t\t\t<p>Die Insel Madeira ist ein Paradies f\u00fcr Naturliebhaber und Outdoor-Aktivit\u00e4ten-Enthusiasten und bietet unz\u00e4hlige M\u00f6glichkeiten f\u00fcr diejenigen, die sich mit ihrer einzigartigen Sch\u00f6nheit verbinden und das Herz der Insel erkunden m\u00f6chten. Zu den bemerkenswertesten Erlebnissen z\u00e4hlen Wanderungen entlang der Pfade, die Entdeckung der ber\u00fchmten Levadas und sogar das Aus\u00fcben von Extremsportarten (Klettern, Canyoning, Coasteering...), die Besucher jeden Alters und Erfahrungsniveaus begeistern.<\/p><p>\u00a0<\/p><h3><strong>Wanderungen auf Pfaden und Levadas<\/strong><\/h3><p>\u00a0<\/p><p style=\"font-weight: 400;\">Madeira ist bekannt f\u00fcr seine spektakul\u00e4ren Pfade, die durch einzigartige nat\u00fcrliche W\u00e4lder, dramatische Klippen und imposante Berge f\u00fchren. Eine der Hauptattraktionen sind die Levadas, Bew\u00e4sserungskan\u00e4le, die sich durch die Landschaft schl\u00e4ngeln und oft von Wanderwegen begleitet werden, die atemberaubende und einzigartige Ausblicke bieten.<\/p><p style=\"font-weight: 400;\">Diese Wanderungen bieten eine direkte Verbindung zur Natur und eine einzigartige Gelegenheit, die Biodiversit\u00e4t dieser unvergleichlichen Insel zu erleben.<\/p>\t\t\t\t\t\t\t\t<\/div>\n\t\t\t\t<\/div>\n\t\t\t\t<\/div>\n\t\t<div class=\"elementor-element elementor-element-90cfb0f e-con-full e-flex e-con e-child\" data-id=\"90cfb0f\" data-element_type=\"container\">\n\t\t\t\t<\/div>\n\t\t<div class=\"elementor-element elementor-element-3ce760b e-con-full e-flex e-con e-child\" data-id=\"3ce760b\" data-element_type=\"container\">\n\t\t\t\t<div class=\"elementor-element elementor-element-2a4e670 elementor-widget elementor-widget-image\" data-id=\"2a4e670\" data-element_type=\"widget\" data-widget_type=\"image.default\">\n\t\t\t\t<div class=\"elementor-widget-container\">\n\t\t\t\t\t\t\t\t\t\t\t\t\t\t\t<img decoding=\"async\" src=\"https:\/\/www.casinhasdalaurissilva.pt\/wp-content\/uploads\/elementor\/thumbs\/Vista-IV-scaled-r19oqjrl4aizmn4o61ken02lxtapl8b4oj5n9pe234.jpg\" title=\"Vista 4\" alt=\"Vista 4\" loading=\"lazy\" \/>\t\t\t\t\t\t\t\t\t\t\t\t\t\t\t<\/div>\n\t\t\t\t<\/div>\n\t\t\t\t<\/div>\n\t\t<div class=\"elementor-element elementor-element-d873dd9 e-con-full e-flex e-con e-child\" data-id=\"d873dd9\" data-element_type=\"container\">\n\t\t\t\t<div class=\"elementor-element elementor-element-d716e64 elementor-widget elementor-widget-image\" data-id=\"d716e64\" data-element_type=\"widget\" data-widget_type=\"image.default\">\n\t\t\t\t<div class=\"elementor-widget-container\">\n\t\t\t\t\t\t\t\t\t\t\t\t\t\t\t<img decoding=\"async\" src=\"https:\/\/www.casinhasdalaurissilva.pt\/wp-content\/uploads\/elementor\/thumbs\/Vista-10-scaled-r19opz34xxqoj7ypismm45agvc4mvw119osypm8pw0.jpg\" title=\"Vista 10\" alt=\"Vista 10\" loading=\"lazy\" \/>\t\t\t\t\t\t\t\t\t\t\t\t\t\t\t<\/div>\n\t\t\t\t<\/div>\n\t\t\t\t<\/div>\n\t\t\t\t<\/div>\n\t\t\t\t\t<\/div>\n\t\t\t\t<\/div>\n\t\t<div class=\"elementor-element elementor-element-01150af e-flex e-con-boxed e-con e-parent\" data-id=\"01150af\" data-element_type=\"container\">\n\t\t\t\t\t<div class=\"e-con-inner\">\n\t\t\t\t<div class=\"elementor-element elementor-element-bcb6c07 elementor-widget elementor-widget-text-editor\" data-id=\"bcb6c07\" data-element_type=\"widget\" data-widget_type=\"text-editor.default\">\n\t\t\t\t<div class=\"elementor-widget-container\">\n\t\t\t\t\t\t\t\t\t<div class=\"flex-1 overflow-hidden @container\/thread\"><div class=\"h-full\"><div class=\"react-scroll-to-bottom--css-qbmbd-79elbk h-full\"><div class=\"react-scroll-to-bottom--css-qbmbd-1n7m0yu\"><div class=\"flex flex-col text-sm md:pb-9\"><article class=\"w-full scroll-mb-[var(--thread-trailing-height,150px)] text-token-text-primary focus-visible:outline-2 focus-visible:outline-offset-[-4px]\" dir=\"auto\" data-testid=\"conversation-turn-3\" data-scroll-anchor=\"true\"><div class=\"m-auto text-base py-[18px] px-3 md:px-4 w-full md:px-5 lg:px-4 xl:px-5\"><div class=\"mx-auto flex flex-1 gap-4 text-base md:gap-5 lg:gap-6 md:max-w-3xl lg:max-w-[40rem] xl:max-w-[48rem]\"><div class=\"group\/conversation-turn relative flex w-full min-w-0 flex-col agent-turn\"><div class=\"flex-col gap-1 md:gap-3\"><div class=\"flex max-w-full flex-col flex-grow\"><div class=\"min-h-8 text-message flex w-full flex-col items-end gap-2 whitespace-normal break-words text-start [.text-message+&amp;]:mt-5\" dir=\"auto\" data-message-author-role=\"assistant\" data-message-id=\"5a4c39a5-aff5-473f-993c-5d643a5db591\" data-message-model-slug=\"gpt-4o\"><div class=\"flex w-full flex-col gap-1 empty:hidden first:pt-[3px]\"><div class=\"markdown prose w-full break-words dark:prose-invert light\"><h3 style=\"text-align: center;\"><strong><b>Wanderwege <\/b>Sicherheit geht vor<\/strong><\/h3><p>\u00a0<\/p><p>Obwohl Madeira ein herrliches Ziel f\u00fcr Naturliebhaber ist, ist es unerl\u00e4sslich, dass alle Aktivit\u00e4ten im Freien sicher durchgef\u00fchrt werden. Daher sollten Sie vor einer Wanderung:<\/p><ul><li class=\"translation-block\"><strong>Informieren Sie sich \u00fcber die Route bei der zust\u00e4ndigen Regierungsbeh\u00f6rde:<\/strong> \u00dcber den Schwierigkeitsgrad des Weges, die Wetterbedingungen und die voraussichtliche Dauer.\u200b<\/li><li class=\"translation-block\"><strong>Geeignete Ausr\u00fcstung:<\/strong> Tragen Sie bequeme und dem Weg entsprechende Schuhe, nehmen Sie ausreichend Wasser, leichte Nahrung und eine wasserdichte Jacke mit.\u200b<\/li><li class=\"translation-block\"><strong>Beachten Sie die Beschilderung:<\/strong> Viele Wanderwege sind deutlich ausgeschildert. Vermeiden Sie es, die markierten Wege zu verlassen, um unn\u00f6tige Risiken zu vermeiden.\u200b<\/li><li class=\"translation-block\"><strong>Untersch\u00e4tzen Sie die Levadas nicht:<\/strong> Obwohl sie ruhig erscheinen m\u00f6gen, haben einige Wege entlang der Levadas schmale oder exponierte Abschnitte. Achten Sie auf Ihre Umgebung und ziehen Sie in bestimmten F\u00e4llen die Verwendung von Wanderst\u00f6cken in Betracht.<\/li><\/ul><p>Respektieren Sie die Umwelt und setzen Sie die Sicherheit an erste Stelle, um sicherzustellen, dass Ihre Erlebnisse unvergesslich und frei von Zwischenf\u00e4llen sind.\u00a0<\/p><p>\u00a0<\/p><h2 style=\"text-align: center;\">Bereit, die Insel zu erkunden? Wir warten auf Sie!!\u00a0<\/h2><\/div><\/div><\/div><\/div><\/div><\/div><\/div><\/div><\/article><\/div><\/div><\/div><\/div><\/div>\t\t\t\t\t\t\t\t<\/div>\n\t\t\t\t<\/div>\n\t\t\t\t\t<\/div>\n\t\t\t\t<\/div>\n\t\t<div class=\"elementor-element elementor-element-af797ec e-flex e-con-boxed e-con e-parent\" data-id=\"af797ec\" data-element_type=\"container\">\n\t\t\t\t\t<div class=\"e-con-inner\">\n\t\t\t\t<div class=\"elementor-element elementor-element-a73b323 elementor-widget elementor-widget-spacer\" data-id=\"a73b323\" data-element_type=\"widget\" data-widget_type=\"spacer.default\">\n\t\t\t\t<div class=\"elementor-widget-container\">\n\t\t\t\t\t\t\t<div class=\"elementor-spacer\">\n\t\t\t<div class=\"elementor-spacer-inner\"><\/div>\n\t\t<\/div>\n\t\t\t\t\t\t<\/div>\n\t\t\t\t<\/div>\n\t\t\t\t\t<\/div>\n\t\t\t\t<\/div>\n\t\t\t\t<\/div>","protected":false},"excerpt":{"rendered":"<p>Os Nossos Espa\u00e7os Exteriores Os espa\u00e7os exteriores das Casinhas da Laurissilva s\u00e3o um convite para quem procura relaxar e contemplar&#8230; <span class=\"knsl-el-more\"><a href=\"https:\/\/www.casinhasdalaurissilva.pt\/de\/espaco_exterior\/\" class=\"knsl-btn\">Read more<span class=\"screen-reader-text\">Read more&nbsp;ESPA\u00c7O EXTERIOR<\/span><\/a><\/span><\/p>","protected":false},"author":1,"featured_media":0,"parent":0,"menu_order":0,"comment_status":"closed","ping_status":"closed","template":"template-layout-builder.php","meta":{"_acf_changed":false,"footnotes":""},"class_list":["post-713","page","type-page","status-publish","hentry"],"acf":[],"_links":{"self":[{"href":"https:\/\/www.casinhasdalaurissilva.pt\/de\/wp-json\/wp\/v2\/pages\/713","targetHints":{"allow":["GET"]}}],"collection":[{"href":"https:\/\/www.casinhasdalaurissilva.pt\/de\/wp-json\/wp\/v2\/pages"}],"about":[{"href":"https:\/\/www.casinhasdalaurissilva.pt\/de\/wp-json\/wp\/v2\/types\/page"}],"author":[{"embeddable":true,"href":"https:\/\/www.casinhasdalaurissilva.pt\/de\/wp-json\/wp\/v2\/users\/1"}],"replies":[{"embeddable":true,"href":"https:\/\/www.casinhasdalaurissilva.pt\/de\/wp-json\/wp\/v2\/comments?post=713"}],"version-history":[{"count":79,"href":"https:\/\/www.casinhasdalaurissilva.pt\/de\/wp-json\/wp\/v2\/pages\/713\/revisions"}],"predecessor-version":[{"id":56564,"href":"https:\/\/www.casinhasdalaurissilva.pt\/de\/wp-json\/wp\/v2\/pages\/713\/revisions\/56564"}],"wp:attachment":[{"href":"https:\/\/www.casinhasdalaurissilva.pt\/de\/wp-json\/wp\/v2\/media?parent=713"}],"curies":[{"name":"wp","href":"https:\/\/api.w.org\/{rel}","templated":true}]}}