{"id":3,"date":"2025-01-25T12:00:18","date_gmt":"2025-01-25T12:00:18","guid":{"rendered":"https:\/\/www.casinhasdalaurissilva.pt\/?page_id=3"},"modified":"2025-06-10T23:13:51","modified_gmt":"2025-06-10T22:13:51","slug":"politica-de-privacidade","status":"publish","type":"page","link":"https:\/\/www.casinhasdalaurissilva.pt\/de\/politica-de-privacidade\/","title":{"rendered":"NUTZUNGSBEDINGUNGEN UND DATENSCHUTZRICHTLINIE"},"content":{"rendered":"<div data-elementor-type=\"wp-page\" data-elementor-id=\"3\" class=\"elementor elementor-3\">\n\t\t\t\t<div class=\"elementor-element elementor-element-2e85e7dc e-flex e-con-boxed e-con e-parent\" data-id=\"2e85e7dc\" data-element_type=\"container\">\n\t\t\t\t\t<div class=\"e-con-inner\">\n\t\t\t\t<div class=\"elementor-element elementor-element-1212af0c elementor-widget elementor-widget-text-editor\" data-id=\"1212af0c\" data-element_type=\"widget\" data-widget_type=\"text-editor.default\">\n\t\t\t\t<div class=\"elementor-widget-container\">\n\t\t\t\t\t\t\t\t\t<p><\/p>\n<ol>\n<li style=\"font-weight: 400;\"><strong> Einf\u00fchrung<\/strong><\/li>\n<\/ol>\n<p style=\"font-weight: 400;\" class=\"translation-block\">Willkommen auf der Website der <strong>Casinhas da Laurissilva \u2013 Lokale Unterkunft<\/strong>, Eigentum von <strong>Jungle Emotion \u2013 Turismo Rural Unipessoal Lda<\/strong>, mit der USt\u2011IdNr. <strong>514472880<\/strong> und der Lizenz f\u00fcr lokale Unterk\u00fcnfte <strong>61189\/AL<\/strong>. Durch die Nutzung dieser Website und unserer Dienste stimmen Sie diesen Nutzungsbedingungen und der Datenschutzerkl\u00e4rung zu.<\/p>\n<ol start=\"2\">\n<li style=\"font-weight: 400;\"><strong> Nutzung der Website<\/strong><\/li>\n<\/ol>\n<p style=\"font-weight: 400;\">2.1. Der Zugang zu dieser Website und ihre Nutzung unterliegen dem geltenden portugiesischen Recht.<\/p>\n<p style=\"font-weight: 400;\">2.2. Die Nutzer verpflichten sich, bei einer Buchung oder sonstigem Kontakt \u00fcber die Website wahrheitsgem\u00e4\u00dfe und vollst\u00e4ndige Angaben zu machen.<\/p>\n<p style=\"font-weight: 400;\" class=\"translation-block\">2.3. Die <strong>Jungle Emotion \u2013 Turismo Rural Unipessoal Lda,<\/strong> beh\u00e4lt sich das Recht vor, diese Nutzungsbedingungen ohne vorherige Ank\u00fcndigung zu \u00e4ndern.<\/p>\n<ol start=\"3\">\n<li style=\"font-weight: 400;\"><strong> Datenschutz und Privatsph\u00e4re<\/strong><\/li>\n<\/ol>\n<p style=\"font-weight: 400;\">3.1. In \u00dcbereinstimmung mit der Datenschutz-Grundverordnung (DSGVO) und der portugiesischen Gesetzgebung gew\u00e4hrleisten wir den Schutz Ihrer personenbezogenen Daten.<\/p>\n<p style=\"font-weight: 400;\">3.2. Die erhobenen Daten werden ausschlie\u00dflich f\u00fcr die Verwaltung von Reservierungen, die Rechnungsstellung, die Kommunikation mit dem Kunden und die Erf\u00fcllung gesetzlicher Verpflichtungen verwendet.<\/p>\n<p style=\"font-weight: 400;\">3.3. Kundendaten werden gem\u00e4\u00df den gesetzlichen Vorgaben an die zust\u00e4ndigen Beh\u00f6rden in Portugal \u00fcbermittelt.<\/p>\n<p style=\"font-weight: 400;\">3.4. Nach dem Aufenthalt kann der Kunde die L\u00f6schung seiner Daten aus unseren Aufzeichnungen verlangen, au\u00dfer in F\u00e4llen, in denen eine gesetzliche Aufbewahrungspflicht besteht.<\/p>\n<p style=\"font-weight: 400;\" class=\"translation-block\">3.5. Die <strong>Jungle Emotion\u00a0\u2013 Turismo Rural Unipessoal Lda<\/strong> ergreift technische und organisatorische Ma\u00dfnahmen, um personenbezogene Daten vor unbefugtem Zugriff, Verlust oder Ver\u00e4nderung zu sch\u00fctzen.<\/p>\n<ol start=\"4\">\n<li style=\"font-weight: 400;\"><strong> R\u00fcckerstattungsrichtlinie<\/strong><\/li>\n<\/ol>\n<p style=\"font-weight: 400;\">4.1. Reservierungen k\u00f6nnen gem\u00e4\u00df den zum Zeitpunkt der Buchung angegebenen Bedingungen storniert werden.<\/p>\n<p style=\"font-weight: 400;\" class=\"translation-block\">4.2. Stornierungen, die mindestens <strong>14\u00a0Tage<\/strong> im Voraus erfolgen, werden vollst\u00e4ndig erstattet (mit Ausnahme etwaiger Verwaltungsgeb\u00fchren).<\/p>\n<p style=\"font-weight: 400;\">4.3. Bei Stornierungen, die nach dieser Frist erfolgen, wird der volle Reservierungsbetrag berechnet.\u00a0<\/p>\n<p style=\"font-weight: 400;\">4.4. Sollte der Gast am Tag seiner Reservierung ohne vorherige Ank\u00fcndigung nicht erscheinen, wird ihm der volle Reservierungsbetrag berechnet und seine Reservierung als storniert betrachtet.<\/p>\n<p style=\"font-weight: 400;\">4.5. In F\u00e4llen h\u00f6herer Gewalt (Krankheit, gesetzliche Einschr\u00e4nkungen usw.) wird die M\u00f6glichkeit einer teilweisen R\u00fcckerstattung oder Umbuchung des Aufenthalts gepr\u00fcft.<\/p>\n<ol start=\"5\">\n<li style=\"font-weight: 400;\"><strong> Regeln zur Nutzung des Hauses<\/strong><\/li>\n<\/ol>\n<p style=\"font-weight: 400;\">5.1. Check\u2011in und Check\u2011out<\/p>\n<p style=\"font-weight: 400;\" class=\"translation-block\">Check\u2011in: von <strong>18h00 bis 19h00\u00a0|\u00a0<\/strong>Check\u2011out: bis <strong>11h00<\/strong><\/p>\n<p style=\"font-weight: 400;\">Anfragen f\u00fcr einen fr\u00fchen Check\u2011in oder sp\u00e4ten Check\u2011out m\u00fcssen im Voraus gestellt werden und unterliegen der Verf\u00fcgbarkeit.<\/p>\n<p>5.2.Condi\u00e7\u00f5es de Estadia &#8211; A dura\u00e7\u00e3o m\u00ednima de estadia \u00e9 fixada em dois dias consecutivos.<\/p>\n<p style=\"font-weight: 400;\">5.3.Ocupa\u00e7\u00e3o e Visitantes \u2013 Apenas os h\u00f3spedes registados na reserva podem entrar na acomoda\u00e7\u00e3o.<\/p>\n<p style=\"font-weight: 400;\">5.4. Regras de Conviv\u00eancia \u2013 Mantenha o volume baixo entre <strong>22h00 e 08h00<\/strong>\u00a0para respeitar os vizinhos. O uso do alojamento deve ser exclusivamente para fins de lazer ou turismo.<\/p>\n<p style=\"font-weight: 400;\">5.5. Limpeza e Conserva\u00e7\u00e3o \u2013 A acomoda\u00e7\u00e3o deve ser deixada em boas condi\u00e7\u00f5es de limpeza. Respeite a separa\u00e7\u00e3o do lixo e utilize os ecopontos dispon\u00edveis. N\u00e3o \u00e9 permitido mover m\u00f3veis ou retirar itens da casa.<\/p>\n<p style=\"font-weight: 400;\">5.6. Seguran\u00e7a \u2013 Mantenha as luzes, portas e janelas trancadas ao sair. N\u00e3o deixe ar condicionado, esquentador, velas ou fog\u00e3o ligados sem supervis\u00e3o. Fumar dentro da casa \u00e9 proibido, utilize as \u00e1reas externas designadas. N\u00e3o \u00e9 permitido realizar fogueiras ou qualquer lume no espa\u00e7o exterior.\u00a0<\/p>\n<p style=\"font-weight: 400;\">5.7. Animais de Estima\u00e7\u00e3o \u2013 N\u00e3o s\u00e3o permitidos animais de estima\u00e7\u00e3o.<\/p>\n<p style=\"font-weight: 400;\">5.8. Danos e Responsabilidade \u2013 Qualquer dano \u00e0 propriedade deve ser comunicado de imediato. O h\u00f3spede \u00e9 respons\u00e1vel por eventuais custos de repara\u00e7\u00e3o de danos causados por uso indevido.<\/p>\n<p style=\"font-weight: 400;\">5.9.Outros Pontos Importantes \u2013 O n\u00e3o cumprimento das regras pode resultar no cancelamento da estadia sem reembolso. A estadia implica a aceita\u00e7\u00e3o integral destas regras.<\/p>\n<ol start=\"6\">\n<li style=\"font-weight: 400;\"><strong> Kontakt<\/strong><\/li>\n<\/ol>\n<p style=\"font-weight: 400;\">Para esclarecimentos adicionais, pode contactar-nos atrav\u00e9s do telefone +351 910 077 812 ou do\u00a0 e-mail <a href=\"mailto:geral@casinhasdalaurissilva.pt\">geral@casinhasdalaurissilva.pt<\/a>.<\/p>\n<p style=\"font-weight: 400;\">Wir danken Ihnen im Voraus f\u00fcr Ihre Mitarbeit und w\u00fcnschen Ihnen einen wunderbaren Aufenthalt!<\/p>\n<p style=\"font-weight: 400;\">\u00a0<\/p>\t\t\t\t\t\t\t\t<\/div>\n\t\t\t\t<\/div>\n\t\t\t\t\t<\/div>\n\t\t\t\t<\/div>\n\t\t\t\t<\/div>","protected":false},"excerpt":{"rendered":"<p>Introdu\u00e7\u00e3o Bem-vindo ao website das\u00a0Casinhas da Laurissilva \u2013 Alojamento Local, propriedade da\u00a0Jungle Emotion\u00a0&#8211; Turismo Rural Unipessoal Lda, com NIF\u00a0514472880\u00a0e licen\u00e7a&#8230; <span class=\"knsl-el-more\"><a href=\"https:\/\/www.casinhasdalaurissilva.pt\/de\/politica-de-privacidade\/\" class=\"knsl-btn\">Read more<span class=\"screen-reader-text\">Read more&nbsp;TERMOS DE UTILIZA\u00c7\u00c3O E POL\u00cdTICA DE PRIVACIDADE<\/span><\/a><\/span><\/p>","protected":false},"author":1,"featured_media":0,"parent":0,"menu_order":0,"comment_status":"closed","ping_status":"open","template":"","meta":{"_acf_changed":false,"footnotes":""},"class_list":["post-3","page","type-page","status-publish","hentry"],"acf":[],"_links":{"self":[{"href":"https:\/\/www.casinhasdalaurissilva.pt\/de\/wp-json\/wp\/v2\/pages\/3","targetHints":{"allow":["GET"]}}],"collection":[{"href":"https:\/\/www.casinhasdalaurissilva.pt\/de\/wp-json\/wp\/v2\/pages"}],"about":[{"href":"https:\/\/www.casinhasdalaurissilva.pt\/de\/wp-json\/wp\/v2\/types\/page"}],"author":[{"embeddable":true,"href":"https:\/\/www.casinhasdalaurissilva.pt\/de\/wp-json\/wp\/v2\/users\/1"}],"replies":[{"embeddable":true,"href":"https:\/\/www.casinhasdalaurissilva.pt\/de\/wp-json\/wp\/v2\/comments?post=3"}],"version-history":[{"count":62,"href":"https:\/\/www.casinhasdalaurissilva.pt\/de\/wp-json\/wp\/v2\/pages\/3\/revisions"}],"predecessor-version":[{"id":106018,"href":"https:\/\/www.casinhasdalaurissilva.pt\/de\/wp-json\/wp\/v2\/pages\/3\/revisions\/106018"}],"wp:attachment":[{"href":"https:\/\/www.casinhasdalaurissilva.pt\/de\/wp-json\/wp\/v2\/media?parent=3"}],"curies":[{"name":"wp","href":"https:\/\/api.w.org\/{rel}","templated":true}]}}