{"id":287,"date":"2021-12-05T00:09:06","date_gmt":"2021-12-05T00:09:06","guid":{"rendered":"https:\/\/kinsley-demo.bslthemes.com\/?page_id=287"},"modified":"2025-04-15T21:12:49","modified_gmt":"2025-04-15T20:12:49","slug":"sobre-nos","status":"publish","type":"page","link":"https:\/\/www.casinhasdalaurissilva.pt\/de\/sobre-nos\/","title":{"rendered":"\u00dcBER UNS"},"content":{"rendered":"<div data-elementor-type=\"wp-page\" data-elementor-id=\"287\" class=\"elementor elementor-287\">\n\t\t\t\t<div class=\"elementor-element elementor-element-1e1c88d e-con-full e-flex e-con e-parent\" data-id=\"1e1c88d\" data-element_type=\"container\">\n\t\t<div class=\"elementor-element elementor-element-8f97c78 e-con-full e-flex e-con e-child\" data-id=\"8f97c78\" data-element_type=\"container\">\n\t\t<div class=\"elementor-element elementor-element-f88071f e-con-full e-flex e-con e-child\" data-id=\"f88071f\" data-element_type=\"container\">\n\t\t\t\t<div class=\"elementor-element elementor-element-41271c6 elementor-widget elementor-widget-kinsley-intro\" data-id=\"41271c6\" data-element_type=\"widget\" data-widget_type=\"kinsley-intro.default\">\n\t\t\t\t<div class=\"elementor-widget-container\">\n\t\t\t\t\t\n\t\t<!-- banner -->\n\t\t<section class=\"knsl-banner-simple knsl-banner-white\">\n\t\t\t\t\t\t\t\n\t\t\n\t\t\t\t\t\t<div class=\"knsl-cover-frame\">\n\t\t\t\t\t\t\t\t\t\t\t\t<div style=\"background-image: url('https:\/\/www.casinhasdalaurissilva.pt\/wp-content\/uploads\/2025\/01\/Por-do-Sol.png');\" class=\"knsl-parallax knsl-banner-slide\"><\/div>\n\t\t\t\t\t\t\t\t\t\t\t\t\t\t\t\t\t\t\t<\/div>\n\t\t\t<div class=\"knsl-overlay\" style=\"opacity: 0.35;\"><\/div>\n\t\t\t\n\t\t\t\t\t\t<div class=\"container\"><div class=\"row\"><div class=\"col-lg-12\">\n\t\t\t\t\t\t<div class=\"knsl-center knsl-title-frame\">\n\t\t\t\t\t\t\t\t\t\t\t\t\t\t\t<\/div>\n\t\t\t\t\t\t<\/div><\/div><\/div>\n\t\t\t\n\t\t<\/section>\n\t\t<!-- banner end -->\n\n\t\t\t\t\t\t<\/div>\n\t\t\t\t<\/div>\n\t\t\t\t<\/div>\n\t\t\t\t<\/div>\n\t\t\t\t<\/div>\n\t\t<div class=\"elementor-element elementor-element-7719978 e-con-full e-flex e-con e-parent\" data-id=\"7719978\" data-element_type=\"container\">\n\t\t<div class=\"elementor-element elementor-element-519312f e-flex e-con-boxed e-con e-child\" data-id=\"519312f\" data-element_type=\"container\">\n\t\t\t\t\t<div class=\"e-con-inner\">\n\t\t<div class=\"elementor-element elementor-element-09aa067 e-con-full e-flex e-con e-child\" data-id=\"09aa067\" data-element_type=\"container\">\n\t\t\t\t<div class=\"elementor-element elementor-element-413be83 elementor-widget elementor-widget-kinsley-section-heading-two\" data-id=\"413be83\" data-element_type=\"widget\" data-widget_type=\"kinsley-section-heading-two.default\">\n\t\t\t\t<div class=\"elementor-widget-container\">\n\t\t\t\t\t\n\t\t\t\t<div class=\"knsl-subtitle-two knsl-mb-20\">\n\t\t\t<span >\n\t\t\t\tCasinhas da Laurissilva\t\t\t<\/span>\n\t\t<\/div>\n\t\t\t\t\t\t<h2 class=\"knsl-title-two knsl-mb-30\">\n\t\t\t<span >\n\t\t\t\tUnsere Geschichte und <em><strong>Verpflichtung<\/strong><\/em>\t\t\t<\/span>\n\t\t<\/h2>\n\t\t\t\t\n\t\t\t\t\t\t<\/div>\n\t\t\t\t<\/div>\n\t\t\t\t<div class=\"elementor-element elementor-element-cc29970 elementor-widget elementor-widget-text-editor\" data-id=\"cc29970\" data-element_type=\"widget\" data-widget_type=\"text-editor.default\">\n\t\t\t\t<div class=\"elementor-widget-container\">\n\t\t\t\t\t\t\t\t\t<p class=\"translation-block\">Die <strong>Casinhas da Laurissilva<\/strong> entstanden aus dem Traum einer Familie, die ihn lebendig halten m\u00f6chte: Besuchern einen einzigartigen Aufenthalt inmitten der Natur zu bieten, wo unvergessliche Erinnerungen in den magischen Winkeln des <strong>Laurissilva-Waldes<\/strong> der Insel Madeira entstehen.<\/p><p class=\"translation-block\">Gelegen zwischen <strong>Encumeada<\/strong> und <strong>S\u00e3o Vicente<\/strong>, an einem abgelegenen und unber\u00fchrten Ort, bieten diese H\u00e4uschen das Gef\u00fchl, in das Herz der Insel einzutauchen, auf eine wahre Reise in die nat\u00fcrliche Vergangenheit von Millionen von Jahren. So wie Jules Verne es in seiner <em>Reise zum Mittelpunkt der Erde<\/em> sich vorstellte, findet hier das Abenteuer ohne den Einsatz neuer Technologien statt\u2014nur durch Gehen, Beobachten und das Betrachten dessen, was die Natur uns bietet. Eine Einladung, dieses zeitlose Paradies zu erkunden, bekannt als <strong>S\u00edtio da Madeira<\/strong>.<\/p><p class=\"translation-block\">In dieser Umgebung kann man eine ausgedehnte Waldfl\u00e4che und beeindruckende geologische Formationen bewundern, die der Zeit ohne menschliches Eingreifen standgehalten haben. Besucher k\u00f6nnen den Reichtum des <strong>Laurissilva-Waldes<\/strong> entdecken, der Lebensraum zahlreicher Arten ist, die sich hier vor Millionen von Jahren angesiedelt haben, durch einen faszinierenden Prozess der \u00f6kologischen Sukzession.<\/p>\t\t\t\t\t\t\t\t<\/div>\n\t\t\t\t<\/div>\n\t\t\t\t<\/div>\n\t\t<div class=\"elementor-element elementor-element-9b5acb4 e-con-full e-flex e-con e-child\" data-id=\"9b5acb4\" data-element_type=\"container\">\n\t\t\t\t<\/div>\n\t\t<div class=\"elementor-element elementor-element-1b8bec4 e-con-full e-flex e-con e-child\" data-id=\"1b8bec4\" data-element_type=\"container\">\n\t\t\t\t<div class=\"elementor-element elementor-element-4980899 elementor-widget elementor-widget-image\" data-id=\"4980899\" data-element_type=\"widget\" data-widget_type=\"image.default\">\n\t\t\t\t<div class=\"elementor-widget-container\">\n\t\t\t\t\t\t\t\t\t\t\t\t\t\t\t<img decoding=\"async\" src=\"https:\/\/www.casinhasdalaurissilva.pt\/wp-content\/uploads\/elementor\/thumbs\/Casa-scaled-r19oqraamyta7itqy4tf6y6aow9nat4zdkdj3x2wpc.jpg\" title=\"Casa\" alt=\"Casa\" loading=\"lazy\" \/>\t\t\t\t\t\t\t\t\t\t\t\t\t\t\t<\/div>\n\t\t\t\t<\/div>\n\t\t\t\t<\/div>\n\t\t<div class=\"elementor-element elementor-element-b2b837c e-con-full e-flex e-con e-child\" data-id=\"b2b837c\" data-element_type=\"container\">\n\t\t\t\t<div class=\"elementor-element elementor-element-ef6f682 elementor-widget elementor-widget-image\" data-id=\"ef6f682\" data-element_type=\"widget\" data-widget_type=\"image.default\">\n\t\t\t\t<div class=\"elementor-widget-container\">\n\t\t\t\t\t\t\t\t\t\t\t\t\t\t\t<img decoding=\"async\" src=\"https:\/\/www.casinhasdalaurissilva.pt\/wp-content\/uploads\/elementor\/thumbs\/Vista-V-scaled-r19oqgy2jsf4nt8rmicixis85noly4zxo576tvi8ls.jpg\" title=\"Vista 5\" alt=\"Vista 5\" loading=\"lazy\" \/>\t\t\t\t\t\t\t\t\t\t\t\t\t\t\t<\/div>\n\t\t\t\t<\/div>\n\t\t\t\t<\/div>\n\t\t\t\t\t<\/div>\n\t\t\t\t<\/div>\n\t\t\t\t<\/div>\n\t\t<div class=\"elementor-element elementor-element-d40f164 e-con-full e-flex e-con e-parent\" data-id=\"d40f164\" data-element_type=\"container\">\n\t\t<div class=\"elementor-element elementor-element-5f5842b e-flex e-con-boxed e-con e-child\" data-id=\"5f5842b\" data-element_type=\"container\">\n\t\t\t\t\t<div class=\"e-con-inner\">\n\t\t<div class=\"elementor-element elementor-element-6fbecf2 e-flex e-con-boxed e-con e-child\" data-id=\"6fbecf2\" data-element_type=\"container\">\n\t\t\t\t\t<div class=\"e-con-inner\">\n\t\t\t\t<div class=\"elementor-element elementor-element-16dfc0f elementor-widget elementor-widget-video\" data-id=\"16dfc0f\" data-element_type=\"widget\" data-settings=\"{&quot;youtube_url&quot;:&quot;https:\\\/\\\/youtu.be\\\/MyvtgUBDB-Y?feature=shared&quot;,&quot;video_type&quot;:&quot;youtube&quot;,&quot;controls&quot;:&quot;yes&quot;}\" data-widget_type=\"video.default\">\n\t\t\t\t<div class=\"elementor-widget-container\">\n\t\t\t\t\t\t\t<div class=\"elementor-wrapper elementor-open-inline\">\n\t\t\t<div class=\"elementor-video\"><\/div>\t\t<\/div>\n\t\t\t\t\t\t<\/div>\n\t\t\t\t<\/div>\n\t\t\t\t\t<\/div>\n\t\t\t\t<\/div>\n\t\t\t\t\t<\/div>\n\t\t\t\t<\/div>\n\t\t\t\t<\/div>\n\t\t<div class=\"elementor-element elementor-element-600c80b e-con-full e-flex e-con e-parent\" data-id=\"600c80b\" data-element_type=\"container\">\n\t\t<div class=\"elementor-element elementor-element-0b9120b e-flex e-con-boxed e-con e-child\" data-id=\"0b9120b\" data-element_type=\"container\">\n\t\t\t\t\t<div class=\"e-con-inner\">\n\t\t<div class=\"elementor-element elementor-element-625df1e e-con-full e-flex e-con e-child\" data-id=\"625df1e\" data-element_type=\"container\">\n\t\t\t\t<div class=\"elementor-element elementor-element-080020c elementor-widget__width-initial elementor-widget elementor-widget-kinsley-section-heading-two\" data-id=\"080020c\" data-element_type=\"widget\" data-widget_type=\"kinsley-section-heading-two.default\">\n\t\t\t\t<div class=\"elementor-widget-container\">\n\t\t\t\t\t\n\t\t\t\t<div class=\"knsl-subtitle-two knsl-mb-20\">\n\t\t\t<span >\n\t\t\t\tAtmen Sie tief ein, entdecken Sie die Magie des <strong>Laurissilva-Waldes<\/strong>\t\t\t<\/span>\n\t\t<\/div>\n\t\t\t\t\t\t<h2 class=\"knsl-title-two knsl-mb-30\">\n\t\t\t<span >\n\t\t\t\tEin Refugium f\u00fcr das Herz <em><strong>Eine Erneuerung f\u00fcr die Seele...<\/strong><\/em>\t\t\t<\/span>\n\t\t<\/h2>\n\t\t\t\t\n\t\t\t\t\t\t<\/div>\n\t\t\t\t<\/div>\n\t\t\t\t<\/div>\n\t\t\t\t\t<\/div>\n\t\t\t\t<\/div>\n\t\t\t\t<\/div>\n\t\t<div class=\"elementor-element elementor-element-a83495b e-flex e-con-boxed e-con e-parent\" data-id=\"a83495b\" data-element_type=\"container\">\n\t\t\t\t\t<div class=\"e-con-inner\">\n\t\t<div class=\"elementor-element elementor-element-07e64e1 e-con-full e-flex e-con e-child\" data-id=\"07e64e1\" data-element_type=\"container\">\n\t\t\t\t<div class=\"elementor-element elementor-element-02609a0 elementor-widget elementor-widget-video\" data-id=\"02609a0\" data-element_type=\"widget\" data-settings=\"{&quot;video_type&quot;:&quot;hosted&quot;,&quot;controls&quot;:&quot;yes&quot;}\" data-widget_type=\"video.default\">\n\t\t\t\t<div class=\"elementor-widget-container\">\n\t\t\t\t\t\t\t<div class=\"e-hosted-video elementor-wrapper elementor-open-inline\">\n\t\t\t\t\t<video class=\"elementor-video\" src=\"https:\/\/www.casinhasdalaurissilva.pt\/wp-content\/uploads\/2025\/02\/Levada.mp4\" controls=\"\" preload=\"metadata\" controlslist=\"nodownload\"><\/video>\n\t\t\t\t<\/div>\n\t\t\t\t\t\t<\/div>\n\t\t\t\t<\/div>\n\t\t\t\t<\/div>\n\t\t<div class=\"elementor-element elementor-element-24bfd31 e-con-full e-flex e-con e-child\" data-id=\"24bfd31\" data-element_type=\"container\">\n\t\t<div class=\"elementor-element elementor-element-ab1cbd1 e-con-full e-flex e-con e-child\" data-id=\"ab1cbd1\" data-element_type=\"container\">\n\t\t<div class=\"elementor-element elementor-element-9e17c02 e-con-full e-flex e-con e-child\" data-id=\"9e17c02\" data-element_type=\"container\">\n\t\t\t\t<div class=\"elementor-element elementor-element-80cec5c elementor-widget elementor-widget-heading\" data-id=\"80cec5c\" data-element_type=\"widget\" data-widget_type=\"heading.default\">\n\t\t\t\t<div class=\"elementor-widget-container\">\n\t\t\t\t\t<h4 class=\"elementor-heading-title elementor-size-default\">Der Raum<\/h4>\t\t\t\t<\/div>\n\t\t\t\t<\/div>\n\t\t\t\t<div class=\"elementor-element elementor-element-274ee47 elementor-widget elementor-widget-text-editor\" data-id=\"274ee47\" data-element_type=\"widget\" data-widget_type=\"text-editor.default\">\n\t\t\t\t<div class=\"elementor-widget-container\">\n\t\t\t\t\t\t\t\t\t<p class=\"translation-block\">Die kleinen H\u00e4user befinden sich in einer malerischen Landschaft im Herzen des Laurissilva-Waldes, umgeben von Wasserf\u00e4llen, Wasserkan\u00e4len und Wanderwegen. Die Unterkunft besteht aus sechs H\u00e4usern, jedes mit eigenem Raum, wobei die gemeinschaftlichen Bereiche harmonisch geteilt werden k\u00f6nnen. Das Grundst\u00fcck erstreckt sich \u00fcber ein gro\u00dfes Gel\u00e4nde mit Obstb\u00e4umen, die die G\u00e4ste frei genie\u00dfen k\u00f6nnen. Das Parken ist <strong>privat und kostenlos<\/strong>.<\/p>\t\t\t\t\t\t\t\t<\/div>\n\t\t\t\t<\/div>\n\t\t\t\t<\/div>\n\t\t\t\t<\/div>\n\t\t<div class=\"elementor-element elementor-element-73716ff e-con-full e-flex e-con e-child\" data-id=\"73716ff\" data-element_type=\"container\">\n\t\t<div class=\"elementor-element elementor-element-f6d8159 e-con-full e-flex e-con e-child\" data-id=\"f6d8159\" data-element_type=\"container\">\n\t\t\t\t<div class=\"elementor-element elementor-element-ca58a24 elementor-widget elementor-widget-heading\" data-id=\"ca58a24\" data-element_type=\"widget\" data-widget_type=\"heading.default\">\n\t\t\t\t<div class=\"elementor-widget-container\">\n\t\t\t\t\t<h4 class=\"elementor-heading-title elementor-size-default\">Zugang f\u00fcr G\u00e4ste<\/h4>\t\t\t\t<\/div>\n\t\t\t\t<\/div>\n\t\t\t\t<div class=\"elementor-element elementor-element-b0a9391 elementor-widget elementor-widget-text-editor\" data-id=\"b0a9391\" data-element_type=\"widget\" data-widget_type=\"text-editor.default\">\n\t\t\t\t<div class=\"elementor-widget-container\">\n\t\t\t\t\t\t\t\t\t<p>Unsere G\u00e4ste haben vollen Zugang zum Au\u00dfenbereich des Anwesens, wo sie eine einzigartige und eindrucksvolle nat\u00fcrliche Umgebung genie\u00dfen k\u00f6nnen. Die Freizeiteinrichtungen wurden so gestaltet, dass sie Momente der puren Entspannung bieten \u2013 sei es beim Ausruhen mit den Kl\u00e4ngen der Natur, beim Erkunden der gr\u00fcnen Winkel oder beim Genie\u00dfen von frischem Obst, das direkt von den B\u00e4umen gepfl\u00fcckt wurde.<\/p><p class=\"translation-block\">Eines der Highlights des Anwesens ist der <strong>beeindruckende 77 Meter hohe Wasserfall<\/strong>, ein wahres Naturjuwel, das durch seine Gr\u00f6\u00dfe und Sch\u00f6nheit beeindruckt. Das Wasser flie\u00dft sanft \u00fcber moosbedeckte Felsen und schafft ein visuelles und akustisches Schauspiel, das Frieden und Ruhe vermittelt. An sonnigen Tagen reflektieren die Strahlen in den fallenden Tropfen und bilden kleine Regenb\u00f6gen, die die Szenerie noch magischer machen.<\/p><p>Der Ort ist perfekt f\u00fcr Momente der Kontemplation und Fotografie, aber auch, um die Frische der feuchten Brise zu sp\u00fcren, die K\u00f6rper und Geist belebt. Wenn Sie die Natur in ihrem reinsten Zustand m\u00f6gen, wird dies zweifellos einer der H\u00f6hepunkte Ihres Aufenthalts sein.<\/p>\t\t\t\t\t\t\t\t<\/div>\n\t\t\t\t<\/div>\n\t\t\t\t<\/div>\n\t\t\t\t<\/div>\n\t\t\t\t<\/div>\n\t\t\t\t\t<\/div>\n\t\t\t\t<\/div>\n\t\t<div class=\"elementor-element elementor-element-0282589 e-flex e-con-boxed e-con e-parent\" data-id=\"0282589\" data-element_type=\"container\">\n\t\t\t\t\t<div class=\"e-con-inner\">\n\t\t\t\t<div class=\"elementor-element elementor-element-96e8180 elementor-widget elementor-widget-text-editor\" data-id=\"96e8180\" data-element_type=\"widget\" data-widget_type=\"text-editor.default\">\n\t\t\t\t<div class=\"elementor-widget-container\">\n\t\t\t\t\t\t\t\t\t<h5 style=\"text-align: center;\">Kommen Sie und erleben Sie dieses einzigartige Abenteuer im Herzen Madeiras. Wir freuen uns darauf, Sie f\u00fcr einen unvergesslichen Aufenthalt willkommen zu hei\u00dfen!\u00a0<\/h5><h4 style=\"text-align: center;\"><strong>Gute Reise und bis bald!<\/strong><\/h4>\t\t\t\t\t\t\t\t<\/div>\n\t\t\t\t<\/div>\n\t\t\t\t\t<\/div>\n\t\t\t\t<\/div>\n\t\t<div class=\"elementor-element elementor-element-d912d15 e-flex e-con-boxed e-con e-parent\" data-id=\"d912d15\" data-element_type=\"container\">\n\t\t\t\t\t<div class=\"e-con-inner\">\n\t\t\t\t<div class=\"elementor-element elementor-element-10ad88e elementor-widget elementor-widget-spacer\" data-id=\"10ad88e\" data-element_type=\"widget\" data-widget_type=\"spacer.default\">\n\t\t\t\t<div class=\"elementor-widget-container\">\n\t\t\t\t\t\t\t<div class=\"elementor-spacer\">\n\t\t\t<div class=\"elementor-spacer-inner\"><\/div>\n\t\t<\/div>\n\t\t\t\t\t\t<\/div>\n\t\t\t\t<\/div>\n\t\t\t\t\t<\/div>\n\t\t\t\t<\/div>\n\t\t\t\t<\/div>","protected":false},"excerpt":{"rendered":"<p>Casinhas da Laurissilva A Nossa Hist\u00f3ria e Compromisso As Casinhas da Laurissilva nasceram do sonho de uma fam\u00edlia que deseja&#8230; <span class=\"knsl-el-more\"><a href=\"https:\/\/www.casinhasdalaurissilva.pt\/de\/sobre-nos\/\" class=\"knsl-btn\">Read more<span class=\"screen-reader-text\">Read more&nbsp;SOBRE N\u00d3S<\/span><\/a><\/span><\/p>","protected":false},"author":1,"featured_media":0,"parent":0,"menu_order":0,"comment_status":"closed","ping_status":"closed","template":"template-layout-builder.php","meta":{"_acf_changed":false,"footnotes":""},"class_list":["post-287","page","type-page","status-publish","hentry"],"acf":[],"_links":{"self":[{"href":"https:\/\/www.casinhasdalaurissilva.pt\/de\/wp-json\/wp\/v2\/pages\/287","targetHints":{"allow":["GET"]}}],"collection":[{"href":"https:\/\/www.casinhasdalaurissilva.pt\/de\/wp-json\/wp\/v2\/pages"}],"about":[{"href":"https:\/\/www.casinhasdalaurissilva.pt\/de\/wp-json\/wp\/v2\/types\/page"}],"author":[{"embeddable":true,"href":"https:\/\/www.casinhasdalaurissilva.pt\/de\/wp-json\/wp\/v2\/users\/1"}],"replies":[{"embeddable":true,"href":"https:\/\/www.casinhasdalaurissilva.pt\/de\/wp-json\/wp\/v2\/comments?post=287"}],"version-history":[{"count":114,"href":"https:\/\/www.casinhasdalaurissilva.pt\/de\/wp-json\/wp\/v2\/pages\/287\/revisions"}],"predecessor-version":[{"id":55297,"href":"https:\/\/www.casinhasdalaurissilva.pt\/de\/wp-json\/wp\/v2\/pages\/287\/revisions\/55297"}],"wp:attachment":[{"href":"https:\/\/www.casinhasdalaurissilva.pt\/de\/wp-json\/wp\/v2\/media?parent=287"}],"curies":[{"name":"wp","href":"https:\/\/api.w.org\/{rel}","templated":true}]}}